{"id":958,"date":"2021-08-31T18:23:56","date_gmt":"2021-08-31T16:23:56","guid":{"rendered":"https:\/\/ruthdaugherty.com\/?page_id=958"},"modified":"2025-01-10T10:45:56","modified_gmt":"2025-01-10T09:45:56","slug":"pcr-test-ausleitung","status":"publish","type":"page","link":"https:\/\/ruthdaugherty.com\/en\/pcr-test-ausleitung\/","title":{"rendered":"Energetic detox of the covid test"},"content":{"rendered":"<p class=\"wp-block-paragraph\"><strong>Neutralization of all damage caused by the covid test.<\/strong><\/p>\n\n\n\n<p class=\"wp-block-paragraph\">Have you had one or more PCR tests done, and are you now experiencing side effects such as:<\/p>\n\n\n\n<ul class=\"wp-block-list\">\n<li>Headache<\/li>\n\n\n\n<li>Loss of sense of smell and taste<\/li>\n\n\n\n<li>Loss of your intuition<\/li>\n\n\n\n<li>A feeling of foreign bodies such as chips in your own body<\/li>\n\n\n\n<li>Susceptibility to infections<\/li>\n\n\n\n<li>Loss of your connection to the universe<\/li>\n\n\n\n<li>Foreign influences<\/li>\n\n\n\n<li>Diminished performance<\/li>\n\n\n\n<li>Simply the feeling that you are no longer yourself<\/li>\n<\/ul>\n\n\n\n<p class=\"wp-block-paragraph\">PCR tests in the nose or throat leave unwanted traces and injuries in these places. A single sensation after a test is given with ALL. Only THE MOST DO NOT FEEL IT!!!<\/p>\n\n\n\n<p class=\"wp-block-paragraph\">I can undo these interventions\/traces, heal the wounds, make possible transmission of viruses and bacteria IMPOSSIBLE, and destroy possible nano chips.<\/p>\n\n\n\n<p class=\"wp-block-paragraph\">I work with intelligent, high vibrational energies. There is also the possibility that issues that have nothing to do with the PCR test will be healed. The best for your own healing always happens!<\/p>\n\n\n\n<p class=\"wp-block-paragraph\">If several PCR tests have been carried out, several sessions may be necessary.<\/p>\n\n\n\n<p class=\"wp-block-paragraph\">My clients report a peaceful energy and improvements in their symptoms.<\/p>\n\n\n\n<p class=\"wp-block-paragraph\">The healing techniques used are not in lieu of psychological or medical treatment. Participation is your choice, as you are responsible for what resonates along your healing journey.<\/p>\n\n\n\n<p class=\"wp-block-paragraph\"><\/p>\n\n\n\n<div class=\"wp-block-buttons is-content-justification-left is-layout-flex wp-container-core-buttons-is-layout-63375db1 wp-block-buttons-is-layout-flex\">\n<div class=\"wp-block-button is-style-circular\"><a class=\"wp-block-button__link has-luminous-vivid-amber-to-luminous-vivid-orange-gradient-background has-background wp-element-button\" href=\"https:\/\/ruth.tucalendi.com\/ruthskalender\/detox-of-the-c-test\/?language=en\" style=\"border-radius:0px\" target=\"_blank\" rel=\"noreferrer noopener\">Book now for 36.00 euros<\/a><\/div>\n<\/div>\n\n\n\n<div style=\"height:30px\" aria-hidden=\"true\" class=\"wp-block-spacer\"><\/div>\n\n\n\n<p class=\"wp-block-paragraph\">Photo: canva.com @yakobchukOlena @gettyimages<\/p>","protected":false},"excerpt":{"rendered":"<p>Neutralisierung aller Sch\u00e4digungen, die durch den PCR-Test entstanden sind. Hast du einen oder mehrere PCR-Tests machen lassen und erlebst du jetzt Nebenwirkungen wie zum Beispiel: PCR Test in Nase-, oder Rachenraum, hinterlassen unerw\u00fcnschte Spuren und auch Verletzungen \u2013 an diesen Stellen. Eine EIND\u00c4MMENDE Ver\u00e4nderung nach einem Test ist bei ALLEN gegeben, nur F\u00dcHLEN ES DIE &hellip; <a href=\"https:\/\/ruthdaugherty.com\/en\/pcr-test-ausleitung\/\" class=\"more-link\">Continue reading <span class=\"screen-reader-text\">Energetic detox of the covid test<\/span><\/a><\/p>","protected":false},"author":204484903,"featured_media":2502,"parent":0,"menu_order":0,"comment_status":"closed","ping_status":"closed","template":"","meta":{"_coblocks_attr":"","_coblocks_dimensions":"","_coblocks_responsive_height":"","_coblocks_accordion_ie_support":"","_crdt_document":"","advanced_seo_description":"","jetpack_seo_html_title":"","jetpack_seo_noindex":false,"footnotes":""},"class_list":["post-958","page","type-page","status-publish","has-post-thumbnail","hentry"],"jetpack_likes_enabled":false,"jetpack_sharing_enabled":true,"jetpack_shortlink":"https:\/\/wp.me\/PcXYcW-fs","amp_enabled":true,"_links":{"self":[{"href":"https:\/\/ruthdaugherty.com\/en\/wp-json\/wp\/v2\/pages\/958","targetHints":{"allow":["GET"]}}],"collection":[{"href":"https:\/\/ruthdaugherty.com\/en\/wp-json\/wp\/v2\/pages"}],"about":[{"href":"https:\/\/ruthdaugherty.com\/en\/wp-json\/wp\/v2\/types\/page"}],"author":[{"embeddable":true,"href":"https:\/\/ruthdaugherty.com\/en\/wp-json\/wp\/v2\/users\/204484903"}],"replies":[{"embeddable":true,"href":"https:\/\/ruthdaugherty.com\/en\/wp-json\/wp\/v2\/comments?post=958"}],"version-history":[{"count":44,"href":"https:\/\/ruthdaugherty.com\/en\/wp-json\/wp\/v2\/pages\/958\/revisions"}],"predecessor-version":[{"id":7027,"href":"https:\/\/ruthdaugherty.com\/en\/wp-json\/wp\/v2\/pages\/958\/revisions\/7027"}],"wp:featuredmedia":[{"embeddable":true,"href":"https:\/\/ruthdaugherty.com\/en\/wp-json\/wp\/v2\/media\/2502"}],"wp:attachment":[{"href":"https:\/\/ruthdaugherty.com\/en\/wp-json\/wp\/v2\/media?parent=958"}],"curies":[{"name":"wp","href":"https:\/\/api.w.org\/{rel}","templated":true}]}}