{"id":6,"date":"2021-04-06T19:45:17","date_gmt":"2021-04-06T17:45:17","guid":{"rendered":"https:\/\/ruthdaugherty.com\/?page_id=6"},"modified":"2024-10-26T13:50:33","modified_gmt":"2024-10-26T11:50:33","slug":"home","status":"publish","type":"page","link":"https:\/\/ruthdaugherty.com\/en\/","title":{"rendered":"Quantum Coaching Sessions"},"content":{"rendered":"<h3 class=\"wp-block-heading\">Through my quantum coaching sessions, you will receive support for a fulfilled life full of bliss, health, and success.<\/h3>\n\n\n<div class=\"wp-block-image\">\n<figure class=\"alignright size-full is-resized\"><img data-recalc-dims=\"1\" loading=\"lazy\" decoding=\"async\" width=\"660\" height=\"660\" data-attachment-id=\"1251\" data-permalink=\"https:\/\/ruthdaugherty.com\/en\/my-offers\/img_20210602_223821_724\/\" data-orig-file=\"https:\/\/i0.wp.com\/ruthdaugherty.com\/wp-content\/uploads\/2021\/11\/img_20210602_223821_724.jpg?fit=3456%2C3456&amp;ssl=1\" data-orig-size=\"3456,3456\" data-comments-opened=\"1\" data-image-meta=\"{&quot;aperture&quot;:&quot;0&quot;,&quot;credit&quot;:&quot;&quot;,&quot;camera&quot;:&quot;&quot;,&quot;caption&quot;:&quot;&quot;,&quot;created_timestamp&quot;:&quot;0&quot;,&quot;copyright&quot;:&quot;&quot;,&quot;focal_length&quot;:&quot;0&quot;,&quot;iso&quot;:&quot;0&quot;,&quot;shutter_speed&quot;:&quot;0&quot;,&quot;title&quot;:&quot;&quot;,&quot;orientation&quot;:&quot;0&quot;}\" data-image-title=\"IMG_20210602_223821_724\" data-image-description=\"\" data-image-caption=\"\" data-large-file=\"https:\/\/i0.wp.com\/ruthdaugherty.com\/wp-content\/uploads\/2021\/11\/img_20210602_223821_724.jpg?fit=660%2C660&amp;ssl=1\" src=\"https:\/\/i0.wp.com\/ruthdaugherty.com\/wp-content\/uploads\/2021\/11\/img_20210602_223821_724.jpg?resize=660%2C660&#038;ssl=1\" alt=\"\" class=\"wp-image-1251\" style=\"width:190px;height:190px\"\/><\/figure>\n<\/div>\n\n\n<p class=\"wp-block-paragraph\">It's great that you have found me here. Have you been searching for inner peace, health, and a fulfilled life for a long time? Through my coaching sessions, you will receive support for a life of ease, health, and success to experience boundless abundance on all levels.<\/p>\n\n\n\n<p class=\"wp-block-paragraph\">During the coaching sessions, I work with techniques from the quantum field that are very effective and can bring about fundamental changes in your life. My strength lies in working on the energetic and emotional level. During the coaching session, I detect emotional\/energetic blockages and help you to release them.<\/p>\n\n\n\n<p class=\"wp-block-paragraph\">The quantum field is an invisible field of energy and information that exists independently of space and time. The quantum field is the origin of all matter. You can't see it. But that doesn't mean it doesn't exist. Through our power of thoughts we can influence the quantum field. Through negative thoughts we attract negative experiences and through positive thoughts we attract positive experiences. In my quantum coaching sessions you will learn how to manifest your desired life with your toughts.<\/p>\n\n\n\n<p class=\"wp-block-paragraph\">One of the things I offer is the <a href=\"https:\/\/ruthdaugherty.com\/en\/blaupause-mit-oronos-nach-natara\/\">blueprint.<\/a> . The blueprint is a spiritual protection layer that covers your aura and protects you against 3G, 4G, 5G, WiFi, atomic rays, and low vibrational energies. With the blueprint, you are always at the right place and time. This way, you are connected to your blueprint in the quantum field. This makes it easier for you to go your soul path. This makes it much easier for you to live a life of peace and happiness.<\/p>\n\n\n\n<p class=\"wp-block-paragraph\">During the Coaching Session, I can open new <a href=\"https:\/\/ruthdaugherty.com\/en\/zeitlinien\/\">Timelines<\/a> for you. Because living on old timelines means suffering, unhappy relationships, money problems, illness and death. With the newly opened timelines, a foundation is laid for a fulfilled life.<\/p>\n\n\n\n<p class=\"wp-block-paragraph\">Coaching sessions can take place in person, over the phone or via video conference. You can find tips and tricks for a fulfilled life on my blog.<\/p>\n\n\n\n<p class=\"wp-block-paragraph\">On my blog you will get <a href=\"https:\/\/ruthdaugherty.com\/en\/2022\/03\/03\/tipps-und-tricks-zum-manifestieren\/\">tips and tricks<\/a> a fulfilled life.<\/p>\n\n\n\n<p class=\"wp-block-paragraph\">Many greetings from Germany<\/p>\n\n\n\n<p class=\"wp-block-paragraph\"><strong>Ruth Svakataly Daugherty<br><\/strong>Quantum Field Intuitive Coach<br>Ambassador for <a href=\"https:\/\/ruthdaugherty.com\/en\/2021\/05\/26\/lemuria-0\/\">Lemuria<\/a><\/p>\n\n\n\n<p class=\"wp-block-paragraph\"><strong>Receive notifications about new content directly via mail. The emails are in German.<\/strong> <\/p>\n\n\n<div class=\"wp-block-jetpack-subscriptions__supports-newline is-style-compact wp-block-jetpack-subscriptions\">\n\t\t<div>\n\t\t\t<div>\n\t\t\t\t<div>\n\t\t\t\t\t<p >\n\t\t\t\t\t\t<a href=\"https:\/\/ruthdaugherty.com\/en\/?post_type=page&#038;p=6\" style=\"background: #fe7606;font-size: 16px;padding: 15px 23px 15px 23px;margin: 0; margin-left: 10px;border-radius: 0px;border-width: 1px;border-color: #fe7606; border-style: solid; background-color: #113AF5; color: #FFFFFF; text-decoration: none; white-space: nowrap; margin-left: 0\">Subscribe<\/a>\n\t\t\t\t\t<\/p>\n\t\t\t\t<\/div>\n\t\t\t<\/div>\n\t\t<\/div>\n\t<\/div>\n\n\n<p class=\"wp-block-paragraph\"><\/p>\n\n\n\n<p class=\"wp-block-paragraph\"><\/p>","protected":false},"excerpt":{"rendered":"<p>Durch meine Coaching-Sitzungen erh\u00e4ltst du Unterst\u00fctzung f\u00fcr ein erf\u00fclltes Leben voller Freude, Gesundheit und Erfolg. Sch\u00f6n, dass du hierher gefunden hast. Bist du schon lange auf der Suche nach innerem Frieden, Gesundheit und einem erf\u00fcllten Leben? Durch meine Coaching-Sitzungen erh\u00e4ltst du Unterst\u00fctzung f\u00fcr ein Leben voller Leichtigkeit, Gesundheit und Erfolg, sodass du grenzenlose F\u00fclle auf &hellip; <a href=\"https:\/\/ruthdaugherty.com\/en\/\" class=\"more-link\">Continue reading <span class=\"screen-reader-text\">Quantum Coaching Sessions<\/span><\/a><\/p>","protected":false},"author":204484903,"featured_media":0,"parent":0,"menu_order":1,"comment_status":"closed","ping_status":"closed","template":"","meta":{"_coblocks_attr":"","_coblocks_dimensions":"","_coblocks_responsive_height":"","_coblocks_accordion_ie_support":"","_crdt_document":"","advanced_seo_description":"","jetpack_seo_html_title":"","jetpack_seo_noindex":false,"footnotes":""},"class_list":["post-6","page","type-page","status-publish","hentry"],"jetpack_likes_enabled":null,"jetpack_sharing_enabled":false,"jetpack_shortlink":"https:\/\/wp.me\/PcXYcW-6","amp_enabled":false,"_links":{"self":[{"href":"https:\/\/ruthdaugherty.com\/en\/wp-json\/wp\/v2\/pages\/6","targetHints":{"allow":["GET"]}}],"collection":[{"href":"https:\/\/ruthdaugherty.com\/en\/wp-json\/wp\/v2\/pages"}],"about":[{"href":"https:\/\/ruthdaugherty.com\/en\/wp-json\/wp\/v2\/types\/page"}],"author":[{"embeddable":true,"href":"https:\/\/ruthdaugherty.com\/en\/wp-json\/wp\/v2\/users\/204484903"}],"replies":[{"embeddable":true,"href":"https:\/\/ruthdaugherty.com\/en\/wp-json\/wp\/v2\/comments?post=6"}],"version-history":[{"count":100,"href":"https:\/\/ruthdaugherty.com\/en\/wp-json\/wp\/v2\/pages\/6\/revisions"}],"predecessor-version":[{"id":6341,"href":"https:\/\/ruthdaugherty.com\/en\/wp-json\/wp\/v2\/pages\/6\/revisions\/6341"}],"wp:attachment":[{"href":"https:\/\/ruthdaugherty.com\/en\/wp-json\/wp\/v2\/media?parent=6"}],"curies":[{"name":"wp","href":"https:\/\/api.w.org\/{rel}","templated":true}]}}