{"id":4267,"date":"2023-09-25T11:11:06","date_gmt":"2023-09-25T09:11:06","guid":{"rendered":"https:\/\/ruthdaugherty.com\/?page_id=4267"},"modified":"2023-09-25T12:29:31","modified_gmt":"2023-09-25T10:29:31","slug":"julie-aus-england","status":"publish","type":"page","link":"https:\/\/ruthdaugherty.com\/en\/julie-aus-england\/","title":{"rendered":"Julie from England"},"content":{"rendered":"<p class=\"wp-block-paragraph\">I really loved this work with Ruth. She was open, friendly, and knowledgeable, and I felt the work profoundly in my heart and body. I look forward to doing more work with her in the future, and would highly recommend her to anyone who wants to more fully embody their divine blueprint in this lifetime!<\/p>\n\n\n\n<p class=\"wp-block-paragraph\">Thank you Ruth!<\/p>\n\n\n\n<p class=\"wp-block-paragraph\"><\/p>","protected":false},"excerpt":{"rendered":"<p>Ich habe die Arbeit mit Ruth wirklich sehr genossen. Sie ist sehr offen, freundlich und kompetent, und ich habe die Energie sehr intensiv in meinem Herzen und K\u00f6rper gesp\u00fcrt. Ich freue mich darauf, in Zukunft mehr mit ihr zu machen und w\u00fcrde sie unbedingt jedem empfehlen, der seine g\u00f6ttliche Blaupause in diesem Leben erfahren m\u00f6chte! &hellip; <a href=\"https:\/\/ruthdaugherty.com\/en\/julie-aus-england\/\" class=\"more-link\">Continue reading <span class=\"screen-reader-text\">Julie from England<\/span><\/a><\/p>","protected":false},"author":204484903,"featured_media":0,"parent":0,"menu_order":0,"comment_status":"closed","ping_status":"closed","template":"","meta":{"_coblocks_attr":"","_coblocks_dimensions":"","_coblocks_responsive_height":"","_coblocks_accordion_ie_support":"","_crdt_document":"","advanced_seo_description":"","jetpack_seo_html_title":"","jetpack_seo_noindex":false,"footnotes":""},"class_list":["post-4267","page","type-page","status-publish","hentry"],"jetpack_likes_enabled":false,"jetpack_sharing_enabled":true,"jetpack_shortlink":"https:\/\/wp.me\/PcXYcW-16P","amp_enabled":true,"_links":{"self":[{"href":"https:\/\/ruthdaugherty.com\/en\/wp-json\/wp\/v2\/pages\/4267","targetHints":{"allow":["GET"]}}],"collection":[{"href":"https:\/\/ruthdaugherty.com\/en\/wp-json\/wp\/v2\/pages"}],"about":[{"href":"https:\/\/ruthdaugherty.com\/en\/wp-json\/wp\/v2\/types\/page"}],"author":[{"embeddable":true,"href":"https:\/\/ruthdaugherty.com\/en\/wp-json\/wp\/v2\/users\/204484903"}],"replies":[{"embeddable":true,"href":"https:\/\/ruthdaugherty.com\/en\/wp-json\/wp\/v2\/comments?post=4267"}],"version-history":[{"count":2,"href":"https:\/\/ruthdaugherty.com\/en\/wp-json\/wp\/v2\/pages\/4267\/revisions"}],"predecessor-version":[{"id":4272,"href":"https:\/\/ruthdaugherty.com\/en\/wp-json\/wp\/v2\/pages\/4267\/revisions\/4272"}],"wp:attachment":[{"href":"https:\/\/ruthdaugherty.com\/en\/wp-json\/wp\/v2\/media?parent=4267"}],"curies":[{"name":"wp","href":"https:\/\/api.w.org\/{rel}","templated":true}]}}