{"id":372,"date":"2021-05-01T10:57:53","date_gmt":"2021-05-01T08:57:53","guid":{"rendered":"https:\/\/ruthdaugherty.com\/?page_id=372"},"modified":"2024-03-01T17:44:42","modified_gmt":"2024-03-01T16:44:42","slug":"de-de-gebete-von-erzengel-michael","status":"publish","type":"page","link":"https:\/\/ruthdaugherty.com\/en\/de-de-gebete-von-erzengel-michael\/","title":{"rendered":"Prayer from Archangel Michael"},"content":{"rendered":"<p class=\"has-text-align-left wp-block-paragraph\">Freedom is the bridge to light.<br>Light is love, and love is within me. <br>I wrap myself in this cosmic boundless love every day.<br>I wrap the whole earth with it, all religions, all politicians,<br>all who are on the way to realize unity and all who seek the light.<br>I am God and I am you and you are me.<br>Realizing this is my purpose in life.<br>The infinite divine love will continuesly grow stronger in me.<br>In unity, everything is love.<\/p>\n\n\n\n<p class=\"wp-block-paragraph\">The prayer is from the book <a href=\"https:\/\/shop-kamasha.de\/produkte\/energetisches-aus-der-quelle-des-seins\/kamasha-verlag\/575\/buch-gespr.-mit-erzengel-michael-band-1\" target=\"_blank\" rel=\"noreferrer noopener\">Gespr\u00e4che mit Erzengel Michael, Band 1<\/a> published by Kamasha publishing house. (Currently the book is only in German available)<br><a href=\"https:\/\/www.kamasha.de\/\" target=\"_blank\" rel=\"noreferrer noopener\">http:\/\/www.Kamasha.de<\/a><\/p>\n\n\n\n<p class=\"wp-block-paragraph\">Foto: canva.com @KatarinaGondova @GettyImages<\/p>","protected":false},"excerpt":{"rendered":"<p>Freiheit ist die Br\u00fccke zum Licht.Licht ist Liebe, und Liebe ist in mir. Ich h\u00fclle mich jeden Tag in diese kosmische grenzenlose Liebe ein.Ich h\u00fclle die ganze Erde damit ein, alle Religionen, alle Politiker,alle, die auf dem Weg sind, die Einheit zu erkennen, und alle, die das Licht suchen.Ich bin Gott und ich bin du &hellip; <a href=\"https:\/\/ruthdaugherty.com\/en\/de-de-gebete-von-erzengel-michael\/\" class=\"more-link\">Continue reading <span class=\"screen-reader-text\">Prayer from Archangel Michael<\/span><\/a><\/p>","protected":false},"author":204484903,"featured_media":2944,"parent":0,"menu_order":0,"comment_status":"closed","ping_status":"closed","template":"","meta":{"_coblocks_attr":"ArialHelvetica,Times New Roman,Georgia,Arvo,Barlow,Fira Sans,IBM Plex Sans,Inconsolata,Heebo,Karla,Lato,Lora,","_coblocks_dimensions":"","_coblocks_responsive_height":"","_coblocks_accordion_ie_support":"","_crdt_document":"","advanced_seo_description":"","jetpack_seo_html_title":"","jetpack_seo_noindex":false,"footnotes":""},"class_list":["post-372","page","type-page","status-publish","has-post-thumbnail","hentry"],"jetpack_likes_enabled":false,"jetpack_sharing_enabled":true,"jetpack_shortlink":"https:\/\/wp.me\/PcXYcW-60","amp_enabled":true,"_links":{"self":[{"href":"https:\/\/ruthdaugherty.com\/en\/wp-json\/wp\/v2\/pages\/372","targetHints":{"allow":["GET"]}}],"collection":[{"href":"https:\/\/ruthdaugherty.com\/en\/wp-json\/wp\/v2\/pages"}],"about":[{"href":"https:\/\/ruthdaugherty.com\/en\/wp-json\/wp\/v2\/types\/page"}],"author":[{"embeddable":true,"href":"https:\/\/ruthdaugherty.com\/en\/wp-json\/wp\/v2\/users\/204484903"}],"replies":[{"embeddable":true,"href":"https:\/\/ruthdaugherty.com\/en\/wp-json\/wp\/v2\/comments?post=372"}],"version-history":[{"count":53,"href":"https:\/\/ruthdaugherty.com\/en\/wp-json\/wp\/v2\/pages\/372\/revisions"}],"predecessor-version":[{"id":5140,"href":"https:\/\/ruthdaugherty.com\/en\/wp-json\/wp\/v2\/pages\/372\/revisions\/5140"}],"wp:featuredmedia":[{"embeddable":true,"href":"https:\/\/ruthdaugherty.com\/en\/wp-json\/wp\/v2\/media\/2944"}],"wp:attachment":[{"href":"https:\/\/ruthdaugherty.com\/en\/wp-json\/wp\/v2\/media?parent=372"}],"curies":[{"name":"wp","href":"https:\/\/api.w.org\/{rel}","templated":true}]}}