{"id":2689,"date":"2022-07-14T17:28:45","date_gmt":"2022-07-14T15:28:45","guid":{"rendered":"https:\/\/ruthdaugherty.com\/?page_id=2689"},"modified":"2025-01-10T10:46:28","modified_gmt":"2025-01-10T09:46:28","slug":"offnung-der-33-lemurianischen-kristallstadte","status":"publish","type":"page","link":"https:\/\/ruthdaugherty.com\/en\/offnung-der-33-lemurianischen-kristallstadte\/","title":{"rendered":"Opening of the 33 Lemurian crystal cities"},"content":{"rendered":"<p class=\"wp-block-paragraph\">Each of the 33 Lemurian crystal cities is opened individually during this session.<\/p>\n\n\n\n<p class=\"wp-block-paragraph\">Immediately the energy of the crystal cities is transported into the cells.<br>This crystalline energy is such a powerful energy. It is enormous because we are made of crystals, so our cells immediately resonate with it.<br><br>Everything is energy. Consequently, the light waves of the crystal cities enter our body and every level at the speed of light.<\/p>\n\n\n\n<p class=\"wp-block-paragraph\">The crystal cities vibrate very strongly.<br>It is a joyful dance for our cells.<\/p>\n\n\n\n<p class=\"wp-block-paragraph\">Be part of this magical field of miracles.<\/p>\n\n\n\n<p class=\"wp-block-paragraph\">The healing techniques used are not in lieu of psychological or medical treatment. Participation is your choice, as you are responsible for what resonates along your healing journey.<\/p>\n\n\n\n<div class=\"wp-block-buttons is-layout-flex wp-block-buttons-is-layout-flex\">\n<div class=\"wp-block-button\"><a class=\"wp-block-button__link has-background wp-element-button\" href=\"https:\/\/ruth.tucalendi.com\/ruthskalender\/opening-of-the-33-lemurian-c\/?language=en\" style=\"background:linear-gradient(135deg,rgb(252,185,0) 0%,rgb(255,105,0) 100%)\">Book now for 72.72 euros<\/a><\/div>\n<\/div>\n\n\n\n<div style=\"height:30px\" aria-hidden=\"true\" class=\"wp-block-spacer\"><\/div>\n\n\n\n<p class=\"wp-block-paragraph\">Photo: canva.com @f9photos<\/p>","protected":false},"excerpt":{"rendered":"<p>Bei dieser Sitzung wird jede der insgesamt 33 lemurianischen Kristallst\u00e4dte einzeln ge\u00f6ffnet, mit dem Namen jeder Kristallstadt. Es wird sofort die Energie der Kristallst\u00e4dte in die Zellen transportiert.Es ist so eine gigantische Energie, diese Kristalline Energie. Sie ist sehr kraftvoll, denn wir bestehen ja auch aus Kristallen, deswegen gehen unsere Zellen sofort damit in Resonanz. &hellip; <a href=\"https:\/\/ruthdaugherty.com\/en\/offnung-der-33-lemurianischen-kristallstadte\/\" class=\"more-link\">Continue reading <span class=\"screen-reader-text\">Opening of the 33 Lemurian crystal cities<\/span><\/a><\/p>","protected":false},"author":204484903,"featured_media":2693,"parent":0,"menu_order":0,"comment_status":"closed","ping_status":"closed","template":"","meta":{"_coblocks_attr":"","_coblocks_dimensions":"","_coblocks_responsive_height":"","_coblocks_accordion_ie_support":"","_crdt_document":"","advanced_seo_description":"","jetpack_seo_html_title":"","jetpack_seo_noindex":false,"footnotes":""},"class_list":["post-2689","page","type-page","status-publish","has-post-thumbnail","hentry"],"jetpack_likes_enabled":false,"jetpack_sharing_enabled":true,"jetpack_shortlink":"https:\/\/wp.me\/PcXYcW-Hn","amp_enabled":true,"_links":{"self":[{"href":"https:\/\/ruthdaugherty.com\/en\/wp-json\/wp\/v2\/pages\/2689","targetHints":{"allow":["GET"]}}],"collection":[{"href":"https:\/\/ruthdaugherty.com\/en\/wp-json\/wp\/v2\/pages"}],"about":[{"href":"https:\/\/ruthdaugherty.com\/en\/wp-json\/wp\/v2\/types\/page"}],"author":[{"embeddable":true,"href":"https:\/\/ruthdaugherty.com\/en\/wp-json\/wp\/v2\/users\/204484903"}],"replies":[{"embeddable":true,"href":"https:\/\/ruthdaugherty.com\/en\/wp-json\/wp\/v2\/comments?post=2689"}],"version-history":[{"count":19,"href":"https:\/\/ruthdaugherty.com\/en\/wp-json\/wp\/v2\/pages\/2689\/revisions"}],"predecessor-version":[{"id":7032,"href":"https:\/\/ruthdaugherty.com\/en\/wp-json\/wp\/v2\/pages\/2689\/revisions\/7032"}],"wp:featuredmedia":[{"embeddable":true,"href":"https:\/\/ruthdaugherty.com\/en\/wp-json\/wp\/v2\/media\/2693"}],"wp:attachment":[{"href":"https:\/\/ruthdaugherty.com\/en\/wp-json\/wp\/v2\/media?parent=2689"}],"curies":[{"name":"wp","href":"https:\/\/api.w.org\/{rel}","templated":true}]}}