{"id":1582,"date":"2021-12-27T16:06:05","date_gmt":"2021-12-27T15:06:05","guid":{"rendered":"https:\/\/ruthdaugherty.com\/?page_id=1582"},"modified":"2024-10-26T13:49:52","modified_gmt":"2024-10-26T11:49:52","slug":"ueber-mich-2","status":"publish","type":"page","link":"https:\/\/ruthdaugherty.com\/en\/ueber-mich-2\/","title":{"rendered":"About me"},"content":{"rendered":"<div class=\"wp-block-image\">\n<figure class=\"alignright size-full is-resized\"><img data-recalc-dims=\"1\" loading=\"lazy\" decoding=\"async\" width=\"660\" height=\"880\" data-attachment-id=\"160\" data-permalink=\"https:\/\/ruthdaugherty.com\/en\/about\/img_20210330_ruth\/\" data-orig-file=\"https:\/\/i0.wp.com\/ruthdaugherty.com\/wp-content\/uploads\/2021\/04\/img_20210330_ruth.jpg?fit=3456%2C4608&amp;ssl=1\" data-orig-size=\"3456,4608\" data-comments-opened=\"1\" data-image-meta=\"{&quot;aperture&quot;:&quot;2.25&quot;,&quot;credit&quot;:&quot;&quot;,&quot;camera&quot;:&quot;Redmi Note 9S&quot;,&quot;caption&quot;:&quot;&quot;,&quot;created_timestamp&quot;:&quot;1617115306&quot;,&quot;copyright&quot;:&quot;&quot;,&quot;focal_length&quot;:&quot;3.74&quot;,&quot;iso&quot;:&quot;100&quot;,&quot;shutter_speed&quot;:&quot;0.0011792452830189&quot;,&quot;title&quot;:&quot;&quot;,&quot;orientation&quot;:&quot;1&quot;}\" data-image-title=\"IMG_20210330_Ruth\" data-image-description=\"\" data-image-caption=\"\" data-large-file=\"https:\/\/i0.wp.com\/ruthdaugherty.com\/wp-content\/uploads\/2021\/04\/img_20210330_ruth.jpg?fit=660%2C880&amp;ssl=1\" src=\"https:\/\/i0.wp.com\/ruthdaugherty.com\/wp-content\/uploads\/2021\/04\/img_20210330_ruth.jpg?resize=660%2C880&#038;ssl=1\" alt=\"\" class=\"wp-image-160\" style=\"width:209px;height:279px\"\/><\/figure>\n<\/div>\n\n\n<p class=\"wp-block-paragraph\"><\/p>\n\n\n\n<p class=\"wp-block-paragraph\">I spent the first seven years of my childhood with my family in South Africa. Afterward, we moved back to Bavaria\/Germany. Currently, I live with my son in Bavaria\/Germany. Since 2021 I am happily divorced. I have lived on four continents and studied Hotel Management and bilingual secretarial skills in Spanish and English. Due to family connections and a six-year stay in the USA, I feel a strong connection to America. The two years of study in South Korea enriched my life culturally and broadened my horizon. My hobbies are yoga, swimming, walking, and coloring mandalas. I am very grateful that I can now have real heartistic connections with other people, making my life more meaningful. This was not always the case. For this, I sincerely thank the 1000 ascended masters, their gifts, and the liberations I could experience through them. Special thanks to <\/p>\n\n\n\n<p class=\"wp-block-paragraph\">I have always been interested in healing. Perhaps it is because I had a chronic sore throat and extreme sleep disorders.  Everyone has the right to emotional, physical, and mental well-being. It is my greatest pleasure to support others on their healing journey. <\/p>\n\n\n\n<p class=\"wp-block-paragraph\">On my path, I tried many things: yoga, meditation, detox programs, dietary changes, nutritional supplements, and homeopathy. But the causes remained. It wasn't until December 2018 that I received the permanent&nbsp;<a href=\"https:\/\/ruthdaugherty.com\/en\/blaupause-mit-oronos-nach-natara\/\">blueprint.<\/a> I could see how healing finally happened at the root of my problems. The blueprint is a spiritual protective mantle around one's aura. It brings divine order into one's life. Since then, I have received further liberations such as addiction liberation, pineal gland cleansing, and activation of the light body, and experienced healing on a multidimensional level. On this website, I describe <a href=\"https:\/\/ruthdaugherty.com\/en\/2021\/04\/25\/181\/\">my healing journey<\/a> and I can offer you different possibilities to support you on your healing journey. I look forward to supporting you.<\/p>\n\n\n\n<p class=\"wp-block-paragraph\">Many greetings from Germany <\/p>\n\n\n\n<p class=\"wp-block-paragraph\"><strong>Ruth Svakataly Daugherty<br><\/strong>Quantum Field Intuitive Coach<br>Ambassador for <a href=\"https:\/\/ruthdaugherty.com\/en\/2021\/05\/26\/lemuria-0\/\">Lemuria<\/a><br><\/p>","protected":false},"excerpt":{"rendered":"<p>Die ersten sieben Jahre meiner Kindheit habe ich mit meiner Familie in S\u00fcdafrika verbracht. Anschlie\u00dfend zogen wir zur\u00fcck nach Bayern\/Deutschland. Aktuell wohne ich mit meinem Sohn in Schweinfurt. Seit 2021 bin ich gl\u00fccklich geschieden. Ich habe auf vier Kontinenten gelebt und Hotelfachfrau sowie Fremdsprachenkorrespondentin mit den Sprachen Spanisch und Englisch gelernt. Aufgrund famili\u00e4rer Beziehungen und &hellip; <a href=\"https:\/\/ruthdaugherty.com\/en\/ueber-mich-2\/\" class=\"more-link\">Continue reading <span class=\"screen-reader-text\">About me<\/span><\/a><\/p>","protected":false},"author":204484903,"featured_media":0,"parent":0,"menu_order":0,"comment_status":"closed","ping_status":"closed","template":"","meta":{"_coblocks_attr":"","_coblocks_dimensions":"","_coblocks_responsive_height":"","_coblocks_accordion_ie_support":"","_crdt_document":"","advanced_seo_description":"","jetpack_seo_html_title":"","jetpack_seo_noindex":false,"footnotes":""},"class_list":["post-1582","page","type-page","status-publish","hentry"],"jetpack_likes_enabled":false,"jetpack_sharing_enabled":true,"jetpack_shortlink":"https:\/\/wp.me\/PcXYcW-pw","amp_enabled":true,"_links":{"self":[{"href":"https:\/\/ruthdaugherty.com\/en\/wp-json\/wp\/v2\/pages\/1582","targetHints":{"allow":["GET"]}}],"collection":[{"href":"https:\/\/ruthdaugherty.com\/en\/wp-json\/wp\/v2\/pages"}],"about":[{"href":"https:\/\/ruthdaugherty.com\/en\/wp-json\/wp\/v2\/types\/page"}],"author":[{"embeddable":true,"href":"https:\/\/ruthdaugherty.com\/en\/wp-json\/wp\/v2\/users\/204484903"}],"replies":[{"embeddable":true,"href":"https:\/\/ruthdaugherty.com\/en\/wp-json\/wp\/v2\/comments?post=1582"}],"version-history":[{"count":21,"href":"https:\/\/ruthdaugherty.com\/en\/wp-json\/wp\/v2\/pages\/1582\/revisions"}],"predecessor-version":[{"id":6340,"href":"https:\/\/ruthdaugherty.com\/en\/wp-json\/wp\/v2\/pages\/1582\/revisions\/6340"}],"wp:attachment":[{"href":"https:\/\/ruthdaugherty.com\/en\/wp-json\/wp\/v2\/media?parent=1582"}],"curies":[{"name":"wp","href":"https:\/\/api.w.org\/{rel}","templated":true}]}}