{"id":1150,"date":"2021-11-20T09:34:00","date_gmt":"2021-11-20T08:34:00","guid":{"rendered":"https:\/\/ruthdaugherty.com\/?page_id=1150"},"modified":"2025-01-10T10:45:53","modified_gmt":"2025-01-10T09:45:53","slug":"frequenzcodes","status":"publish","type":"page","link":"https:\/\/ruthdaugherty.com\/en\/frequenzcodes\/","title":{"rendered":"Frequency Codes"},"content":{"rendered":"<p class=\"wp-block-paragraph\">Frequency codes have a unique energy and positively support you:<\/p>\n\n\n\n<p class=\"wp-block-paragraph\"><strong>Code for better blood flow<\/strong><br>Due to environmental influences, blood donations, radiation poisoning, poor nutrition, and much more, our blood no longer contains the original information. The blood cells clump together, and the natural flow is inhibited. This is how cardiovascular problems and heart attacks can happen, triggered by the lack of oxygen in the body. Constant fatigue then causes many to turn to coffee and stimulants. The frequency of fatigue and flabbiness is also in vaccinations and tap water. With this frequency code, you have better blood flow and regain strength. As your blood flows better, your life flows better.<\/p>\n\n\n\n<p class=\"wp-block-paragraph\"><strong>Bone code<\/strong><br>By activating the bone code, the bones become strong and dense again, and the proper position of the spine is supported. It energetically supports the healing of scoliosis and osteoporosis.<\/p>\n\n\n\n<p class=\"wp-block-paragraph\"><strong>Cell Assembly ( = Cancer) <\/strong><br>Cell assemblies in the body mirrors the lack of community on the outside. Cell assembly is treated energetically with this code. Negative frequencies are eliminated by writing the code on microwaves, induction stoves, infrared heaters, ultrasound devices, and body parts.<\/p>\n\n\n\n<p class=\"wp-block-paragraph\"><strong>Anesthetic dissolution <\/strong><br>Anesthetics paralyze the body system for an extended period. It`s recommended to neutralize these energetically after an operation to accelerate the healing process. This frees up the system again, and the patient regains his strength more quickly.<\/p>\n\n\n\n<p class=\"wp-block-paragraph\"><strong>Dementia Code <\/strong><br>Dementia and Alzheimer's disease are illnesses that place a heavy burden on those affected, especially on their relatives. With the activation of the dementia code, the person regains clarity and reorients their direction. Depending on the progress of the disease, this can be experienced more or less quickly. The client's or legal guardian's consent is needed to activate the code.<\/p>\n\n\n\n<p class=\"wp-block-paragraph\"><strong>Protection code<\/strong><br>This is a protection code. It can be written on all electronic devices. On your children's posters of movie stars, athletics, and Disney characters. Destructive energies are transmitted through these posters. With the activation of this code, they lose power. Hanging the code over the bed protects you from being kidnapped by dark entities at night.<\/p>\n\n\n\n<p class=\"wp-block-paragraph\">The healing techniques used are not in lieu of psychological or medical treatment. Participation is your choice, as you are responsible for what resonates along your healing journey.<\/p>\n\n\n\n<p class=\"wp-block-paragraph\"><strong>Price per frequency code: 81 euros<\/strong><\/p>\n\n\n\n<div class=\"wp-block-buttons is-content-justification-left is-layout-flex wp-container-core-buttons-is-layout-63375db1 wp-block-buttons-is-layout-flex\">\n<div class=\"wp-block-button\"><a class=\"wp-block-button__link has-luminous-vivid-amber-to-luminous-vivid-orange-gradient-background has-background has-text-align-left wp-element-button\" href=\"https:\/\/ruth.tucalendi.com\/ruthskalender\/frequency-codes\/?language=en\">Book now<\/a><\/div>\n<\/div>\n\n\n\n<div style=\"height:30px\" aria-hidden=\"true\" class=\"wp-block-spacer\"><\/div>\n\n\n\n<p class=\"wp-block-paragraph\">Photo: canva.com @agsandrew @getty images<\/p>","protected":false},"excerpt":{"rendered":"<p>Frequenzcodes haben eine besondere Energie und k\u00f6nnen sehr viel Positives bewirken: Code f\u00fcr besseren BlutflussDurch Umwelteinfl\u00fcsse, Blutspenden, Bestrahlungen, schlechte Ern\u00e4hrung und vieles mehr enth\u00e4lt unser Blut nicht mehr die urspr\u00fcngliche Information. Die Blutk\u00f6rperchen verklumpen und der nat\u00fcrliche Fluss ist gehemmt. So k\u00f6nnen Herz-Kreislauf-Probleme und Herzinfarkte geschehen, ausgel\u00f6st durch den Sauerstoffmangel im K\u00f6rper. St\u00e4ndige M\u00fcdigkeit lassen &hellip; <a href=\"https:\/\/ruthdaugherty.com\/en\/frequenzcodes\/\" class=\"more-link\">Continue reading <span class=\"screen-reader-text\">Frequency Codes<\/span><\/a><\/p>","protected":false},"author":204484903,"featured_media":3047,"parent":0,"menu_order":0,"comment_status":"closed","ping_status":"closed","template":"","meta":{"_coblocks_attr":"","_coblocks_dimensions":"","_coblocks_responsive_height":"","_coblocks_accordion_ie_support":"","_crdt_document":"","advanced_seo_description":"","jetpack_seo_html_title":"","jetpack_seo_noindex":false,"footnotes":""},"class_list":["post-1150","page","type-page","status-publish","has-post-thumbnail","hentry"],"jetpack_likes_enabled":false,"jetpack_sharing_enabled":true,"jetpack_shortlink":"https:\/\/wp.me\/PcXYcW-iy","amp_enabled":true,"_links":{"self":[{"href":"https:\/\/ruthdaugherty.com\/en\/wp-json\/wp\/v2\/pages\/1150","targetHints":{"allow":["GET"]}}],"collection":[{"href":"https:\/\/ruthdaugherty.com\/en\/wp-json\/wp\/v2\/pages"}],"about":[{"href":"https:\/\/ruthdaugherty.com\/en\/wp-json\/wp\/v2\/types\/page"}],"author":[{"embeddable":true,"href":"https:\/\/ruthdaugherty.com\/en\/wp-json\/wp\/v2\/users\/204484903"}],"replies":[{"embeddable":true,"href":"https:\/\/ruthdaugherty.com\/en\/wp-json\/wp\/v2\/comments?post=1150"}],"version-history":[{"count":43,"href":"https:\/\/ruthdaugherty.com\/en\/wp-json\/wp\/v2\/pages\/1150\/revisions"}],"predecessor-version":[{"id":7028,"href":"https:\/\/ruthdaugherty.com\/en\/wp-json\/wp\/v2\/pages\/1150\/revisions\/7028"}],"wp:featuredmedia":[{"embeddable":true,"href":"https:\/\/ruthdaugherty.com\/en\/wp-json\/wp\/v2\/media\/3047"}],"wp:attachment":[{"href":"https:\/\/ruthdaugherty.com\/en\/wp-json\/wp\/v2\/media?parent=1150"}],"curies":[{"name":"wp","href":"https:\/\/api.w.org\/{rel}","templated":true}]}}