{"id":1079,"date":"2021-11-04T14:39:41","date_gmt":"2021-11-04T13:39:41","guid":{"rendered":"https:\/\/ruthdaugherty.com\/?page_id=1079"},"modified":"2025-01-10T10:46:58","modified_gmt":"2025-01-10T09:46:58","slug":"seelen-dna-codes","status":"publish","type":"page","link":"https:\/\/ruthdaugherty.com\/en\/seelen-dna-codes\/","title":{"rendered":"Soul-DNA-Codes"},"content":{"rendered":"<p class=\"wp-block-paragraph\">Soul DNA codes work on a very deep level.<\/p>\n\n\n\n<p class=\"wp-block-paragraph\"><strong><span style=\"text-decoration:underline;\">I can activate the following soul DNA codes for YOU:<\/span><\/strong><\/p>\n\n\n\n<p class=\"wp-block-paragraph\"><strong>Divine Golden Quantum Field DNA Code <span style=\"font-size:1.0625rem;\"> <\/span><\/strong><br>With the activation of the Divine Golden Quantum Field DNA Code, the quantum field is immediately present. This quantum field DNA code is a great protection for our DNA and brings vitality and health back into our lives.<\/p>\n\n\n\n<p class=\"wp-block-paragraph\">The code can also be activated for cars: then the car drives with the protection of the quantum field energy.<\/p>\n\n\n\n<p class=\"wp-block-paragraph\"><strong>Oronos\u00ae family soul DNA code<\/strong><br>This code is especially for the Oronos\u00ae soul group, which greatly protects you. The Oronos\u00ae soul group consists of 333.333.333 people who are spread out all over the world. They are healers, helpers, teachers, and builders of the new world. This code was activated in 2000 for the Oronos\u00ae soul group by the 1000 ascended masters. The ascended masters are here to assist us during these challenging times so we can enter the golden age together. When I activate this code, your vitality and infinite joy will enter your life.<\/p>\n\n\n\n<p class=\"wp-block-paragraph\"><strong>Perfect Soul DNA Code for humans<\/strong><br>This code brings the human cell back to perfection and helps our body to become strong and healthy again so that we can live our life to the fullest. Positive results are possible in the case of diabetes or heart problems. The code is also helpful for eye and ear problems. For this, the activated code is written on the insulin pack, heart medication, glasses, or hearing aids. The soul DNA code supports the body in remembering how it is to be healthy again.<\/p>\n\n\n\n<p class=\"wp-block-paragraph\"><strong>Perfect soul DNA code for animals<\/strong><br>This is the unique soul code for the animals to protect and support recovery from illness and wound healing. The activated code can also be applied to the feeding places, giving the pet food a healing frequency and thus supporting our dearest pets.<\/p>\n\n\n\n<p class=\"wp-block-paragraph\"><strong>Perfect soul DNA code for the plants<\/strong><br>One can reverse genetic engineering with this code. Genetically modified plants can thus be brought back to their original frequency. The code supports the healthy growth of the plants and the crop yield. New shoots appear with many more buds and blossoms. Everything grows and sprouts in joy. The activated code is applicable for private and commercial horticulture, agriculture, and forestry.<\/p>\n\n\n\n<p class=\"wp-block-paragraph\"><strong>The perfect soul DNA code for mother earth<\/strong><br>The Soul DNA Code for Earth supports the healing of Mother Earth with its beautiful energy. It can prevent landslides, volcanic eruptions, and earthquakes and bring them into divine order. Applicable for all places, for earth healing in the garden and the forest.<\/p>\n\n\n\n<p class=\"wp-block-paragraph\"><strong>Perfect soul DNA code for water<\/strong><br>With this code, the water comes back into its power. Since the human body consists of 80 to 90 % water, the code supports the human body with **swellings, congestions** and **water accumulations** excellently. Applicable for **all bodies of water** and the **cellular water in all humans, animals, plants**.\n\nThe code can be written on stones and placed in aquariums, lakes, ponds, streams, rivers, oceans, and so on. Please have a green pen and stones ready, and I will activate the code for you. This will support the healing of water. \n\nYou can also write the code on your body where swelling, congestion, and accumulated water are. If possible, have a green pen ready, and I will activate the code to aid your body's healing.<\/p>\n\n\n\n<p class=\"wp-block-paragraph\"><strong>Perfect soul DNA code for fire<\/strong><br>The healing code is for the fire and all fireplaces. It can be used for fireplaces and burning fires. When the fire is too weak, it regains its inherent strength and power.\n\nThe code can be written on stones, and these can be placed at fires and fireplaces. Please have a green pen and stones ready, so I can activate the code for the fire. This will light the fire up.<\/p>\n\n\n\n<p class=\"wp-block-paragraph\"><strong>Perfect soul DNA code for air<\/strong><br>The soul DNA code for air energetically stimulates the production of pure, clear oxygen and is important for oxygen transport in the brain. The code can also be manifested for bodies of water to provide good pure oxygen to aquatic plants and animals. The code can also be used in closed and air-conditioned rooms to improve the indoor climate. For frequent flyers, the code is a MUST to balance toxins energetically and the increased load on the organism due to the flight.<\/p>\n\n\n\n<p class=\"wp-block-paragraph\">The healing techniques used are not in lieu of psychological or medical treatment. Participation is your choice, as you are responsible for what resonates along your healing journey.<\/p>\n\n\n\n<p class=\"wp-block-paragraph\">Price per Soul-DNA-Code: 81.00 euros<\/p>\n\n\n\n<div class=\"wp-block-buttons is-layout-flex wp-block-buttons-is-layout-flex\">\n<div class=\"wp-block-button\"><a class=\"wp-block-button__link has-background wp-element-button\" href=\"https:\/\/ruth.tucalendi.com\/ruthskalender\/soul-dna-codes\/?language=en\" style=\"background:linear-gradient(135deg,rgb(252,185,0) 0%,rgb(255,105,0) 99%)\">Book now<\/a><\/div>\n<\/div>\n\n\n\n<div style=\"height:30px\" aria-hidden=\"true\" class=\"wp-block-spacer\"><\/div>\n\n\n\n<p class=\"wp-block-paragraph\">Photo: canva.com @agsandrew @gettyimages<\/p>\n\n\n\n<p class=\"wp-block-paragraph\"><\/p>\n\n\n\n<p class=\"wp-block-paragraph\"><\/p>\n\n\n\n<p class=\"wp-block-paragraph\"><\/p>\n\n\n\n<p class=\"wp-block-paragraph\"><\/p>\n\n\n\n<p class=\"wp-block-paragraph\"><\/p>\n\n\n\n<p class=\"wp-block-paragraph\"><\/p>","protected":false},"excerpt":{"rendered":"<p>Seelen-DNA-Codes wirken auf eine ganz besondere Art und Weise. Folgende Seelen-DNA-Codes kann ich f\u00fcr DICH aktivieren: G\u00f6ttlicher Goldener Quantenfeld-DNA-Code Mit der Aktivierung des G\u00f6ttlichen Goldenen Quantenfeld-DNA-Codes ist sofort das Quantenfeld pr\u00e4sent. Dieser Quantenfeld-DNA-Code ist ein gro\u00dfer Schutz f\u00fcr unsere DNA und bringt Lebendigkeit und Gesundheit zur\u00fcck in unser Leben. Der Code ist auch f\u00fcr Autos &hellip; <a href=\"https:\/\/ruthdaugherty.com\/en\/seelen-dna-codes\/\" class=\"more-link\">Continue reading <span class=\"screen-reader-text\">Soul-DNA-Codes<\/span><\/a><\/p>","protected":false},"author":204484903,"featured_media":3566,"parent":0,"menu_order":0,"comment_status":"closed","ping_status":"closed","template":"","meta":{"_coblocks_attr":"","_coblocks_dimensions":"","_coblocks_responsive_height":"","_coblocks_accordion_ie_support":"","_crdt_document":"","advanced_seo_description":"","jetpack_seo_html_title":"","jetpack_seo_noindex":false,"footnotes":""},"class_list":["post-1079","page","type-page","status-publish","has-post-thumbnail","hentry"],"jetpack_likes_enabled":false,"jetpack_sharing_enabled":true,"jetpack_shortlink":"https:\/\/wp.me\/PcXYcW-hp","amp_enabled":true,"_links":{"self":[{"href":"https:\/\/ruthdaugherty.com\/en\/wp-json\/wp\/v2\/pages\/1079","targetHints":{"allow":["GET"]}}],"collection":[{"href":"https:\/\/ruthdaugherty.com\/en\/wp-json\/wp\/v2\/pages"}],"about":[{"href":"https:\/\/ruthdaugherty.com\/en\/wp-json\/wp\/v2\/types\/page"}],"author":[{"embeddable":true,"href":"https:\/\/ruthdaugherty.com\/en\/wp-json\/wp\/v2\/users\/204484903"}],"replies":[{"embeddable":true,"href":"https:\/\/ruthdaugherty.com\/en\/wp-json\/wp\/v2\/comments?post=1079"}],"version-history":[{"count":52,"href":"https:\/\/ruthdaugherty.com\/en\/wp-json\/wp\/v2\/pages\/1079\/revisions"}],"predecessor-version":[{"id":7033,"href":"https:\/\/ruthdaugherty.com\/en\/wp-json\/wp\/v2\/pages\/1079\/revisions\/7033"}],"wp:featuredmedia":[{"embeddable":true,"href":"https:\/\/ruthdaugherty.com\/en\/wp-json\/wp\/v2\/media\/3566"}],"wp:attachment":[{"href":"https:\/\/ruthdaugherty.com\/en\/wp-json\/wp\/v2\/media?parent=1079"}],"curies":[{"name":"wp","href":"https:\/\/api.w.org\/{rel}","templated":true}]}}