{"id":1060,"date":"2021-10-13T18:07:17","date_gmt":"2021-10-13T16:07:17","guid":{"rendered":"https:\/\/ruthdaugherty.com\/?page_id=1060"},"modified":"2021-11-10T19:26:46","modified_gmt":"2021-11-10T18:26:46","slug":"melissa-aus-amerika","status":"publish","type":"page","link":"https:\/\/ruthdaugherty.com\/en\/melissa-aus-amerika\/","title":{"rendered":"Melissa from the USA"},"content":{"rendered":"<div class=\"wp-block-image\"><figure class=\"alignright size-large is-resized\"><img data-recalc-dims=\"1\" loading=\"lazy\" decoding=\"async\" data-attachment-id=\"1133\" data-permalink=\"https:\/\/ruthdaugherty.com\/en\/melissa-aus-amerika\/photo_2021-10-13_15-02-38_png\/\" data-orig-file=\"https:\/\/i0.wp.com\/ruthdaugherty.com\/wp-content\/uploads\/2021\/11\/photo_2021-10-13_15-02-38_png.jpg?fit=1280%2C1280&amp;ssl=1\" data-orig-size=\"1280,1280\" data-comments-opened=\"1\" data-image-meta=\"{&quot;aperture&quot;:&quot;0&quot;,&quot;credit&quot;:&quot;&quot;,&quot;camera&quot;:&quot;&quot;,&quot;caption&quot;:&quot;&quot;,&quot;created_timestamp&quot;:&quot;0&quot;,&quot;copyright&quot;:&quot;&quot;,&quot;focal_length&quot;:&quot;0&quot;,&quot;iso&quot;:&quot;0&quot;,&quot;shutter_speed&quot;:&quot;0&quot;,&quot;title&quot;:&quot;&quot;,&quot;orientation&quot;:&quot;0&quot;}\" data-image-title=\"photo_2021-10-13_15-02-38_png\" data-image-description=\"\" data-image-caption=\"\" data-large-file=\"https:\/\/i0.wp.com\/ruthdaugherty.com\/wp-content\/uploads\/2021\/11\/photo_2021-10-13_15-02-38_png.jpg?fit=660%2C660&amp;ssl=1\" src=\"https:\/\/i0.wp.com\/ruthdaugherty.com\/wp-content\/uploads\/2021\/11\/photo_2021-10-13_15-02-38_png.jpg?resize=231%2C231&#038;ssl=1\" alt=\"\" class=\"wp-image-1133\" width=\"231\" height=\"231\" \/><\/figure><\/div>\n\n\n\n<p class=\"wp-block-paragraph\">Testimony for our <a href=\"https:\/\/ruthdaugherty.com\/en\/blaupause-mit-oronos-nach-natara\/\">Blueprint-session<\/a>: 10 days ago Ruth did a long distant Blueprint on me. As soon as she started working on me I could feel the energy go to my stomach. My weight has always been an issue I struggle with. I've even found over these days I have little desire to snack. What a blessing in itself that is!!! Since the Blueprint is a protection of manipulation I found this next change huge as well. I was in a relationship with a narcissist (king of manipulation), which I ended in December. Recently his energy has been waking me up in the middle of night with dreams of him, or him being my first thought on my mind. I felt such a strong connection like we are soul partners and there was still unfinished business there. I wish him well but knew with how he treated me I couldn't return to that relationship. Well guess what I am sleeping through the nights now and my ex is not running through my mind all day. Thank you so much for the session Ruth!!! I know this is just the beginning too.<\/p>\n\n\n\n<p class=\"wp-block-paragraph\"><\/p>","protected":false},"excerpt":{"rendered":"<p>Erfahrungsbericht \u00fcber unsere Blaupausen-Sitzung: Vor 10 Tagen hat Ruth mir eine Fernbehandlung mit der Blaupause an mir durchgef\u00fchrt. Sobald sie anfing, an mir zu arbeiten, konnte ich sp\u00fcren, wie die Energie in meinen Magen ging. Mein Gewicht war schon immer ein Thema, mit dem ich zu k\u00e4mpfen hatte. Ich habe in diesen Tagen sogar festgestellt, &hellip; <a href=\"https:\/\/ruthdaugherty.com\/en\/melissa-aus-amerika\/\" class=\"more-link\">Continue reading <span class=\"screen-reader-text\">Melissa from the USA<\/span><\/a><\/p>","protected":false},"author":204484903,"featured_media":0,"parent":0,"menu_order":0,"comment_status":"closed","ping_status":"closed","template":"","meta":{"_coblocks_attr":"","_coblocks_dimensions":"","_coblocks_responsive_height":"","_coblocks_accordion_ie_support":"","_crdt_document":"","advanced_seo_description":"","jetpack_seo_html_title":"","jetpack_seo_noindex":false,"footnotes":""},"class_list":["post-1060","page","type-page","status-publish","hentry"],"jetpack_likes_enabled":false,"jetpack_sharing_enabled":true,"jetpack_shortlink":"https:\/\/wp.me\/PcXYcW-h6","amp_enabled":true,"_links":{"self":[{"href":"https:\/\/ruthdaugherty.com\/en\/wp-json\/wp\/v2\/pages\/1060","targetHints":{"allow":["GET"]}}],"collection":[{"href":"https:\/\/ruthdaugherty.com\/en\/wp-json\/wp\/v2\/pages"}],"about":[{"href":"https:\/\/ruthdaugherty.com\/en\/wp-json\/wp\/v2\/types\/page"}],"author":[{"embeddable":true,"href":"https:\/\/ruthdaugherty.com\/en\/wp-json\/wp\/v2\/users\/204484903"}],"replies":[{"embeddable":true,"href":"https:\/\/ruthdaugherty.com\/en\/wp-json\/wp\/v2\/comments?post=1060"}],"version-history":[{"count":4,"href":"https:\/\/ruthdaugherty.com\/en\/wp-json\/wp\/v2\/pages\/1060\/revisions"}],"predecessor-version":[{"id":1135,"href":"https:\/\/ruthdaugherty.com\/en\/wp-json\/wp\/v2\/pages\/1060\/revisions\/1135"}],"wp:attachment":[{"href":"https:\/\/ruthdaugherty.com\/en\/wp-json\/wp\/v2\/media?parent=1060"}],"curies":[{"name":"wp","href":"https:\/\/api.w.org\/{rel}","templated":true}]}}