{"id":934,"date":"2021-08-22T20:39:22","date_gmt":"2021-08-22T18:39:22","guid":{"rendered":"https:\/\/ruthdaugherty.com\/?page_id=934"},"modified":"2023-10-20T15:22:32","modified_gmt":"2023-10-20T13:22:32","slug":"tilak","status":"publish","type":"page","link":"https:\/\/ruthdaugherty.com\/de_de\/tilak\/","title":{"rendered":"Tilak aus Indien"},"content":{"rendered":"<div class=\"wp-block-image\">\n<figure class=\"alignright size-large is-resized\"><img data-recalc-dims=\"1\" loading=\"lazy\" decoding=\"async\" width=\"660\" height=\"860\" data-attachment-id=\"4367\" data-permalink=\"https:\/\/ruthdaugherty.com\/de_de\/tilak\/photo_2021-08-28_19-20-33\/\" data-orig-file=\"https:\/\/i0.wp.com\/ruthdaugherty.com\/wp-content\/uploads\/2023\/10\/photo_2021-08-28_19-20-33.jpg?fit=983%2C1280&amp;ssl=1\" data-orig-size=\"983,1280\" data-comments-opened=\"1\" data-image-meta=\"{&quot;aperture&quot;:&quot;0&quot;,&quot;credit&quot;:&quot;&quot;,&quot;camera&quot;:&quot;&quot;,&quot;caption&quot;:&quot;&quot;,&quot;created_timestamp&quot;:&quot;0&quot;,&quot;copyright&quot;:&quot;&quot;,&quot;focal_length&quot;:&quot;0&quot;,&quot;iso&quot;:&quot;0&quot;,&quot;shutter_speed&quot;:&quot;0&quot;,&quot;title&quot;:&quot;&quot;,&quot;orientation&quot;:&quot;0&quot;}\" data-image-title=\"photo_2021-08-28_19-20-33\" data-image-description=\"\" data-image-caption=\"\" data-large-file=\"https:\/\/i0.wp.com\/ruthdaugherty.com\/wp-content\/uploads\/2023\/10\/photo_2021-08-28_19-20-33.jpg?fit=660%2C860&amp;ssl=1\" src=\"https:\/\/i0.wp.com\/ruthdaugherty.com\/wp-content\/uploads\/2023\/10\/photo_2021-08-28_19-20-33.jpg?resize=660%2C860&#038;ssl=1\" alt=\"\" class=\"wp-image-4367\" style=\"width:210px;height:auto\" srcset=\"https:\/\/i0.wp.com\/ruthdaugherty.com\/wp-content\/uploads\/2023\/10\/photo_2021-08-28_19-20-33.jpg?resize=786%2C1024&amp;ssl=1 786w, https:\/\/i0.wp.com\/ruthdaugherty.com\/wp-content\/uploads\/2023\/10\/photo_2021-08-28_19-20-33.jpg?resize=230%2C300&amp;ssl=1 230w, https:\/\/i0.wp.com\/ruthdaugherty.com\/wp-content\/uploads\/2023\/10\/photo_2021-08-28_19-20-33.jpg?resize=768%2C1000&amp;ssl=1 768w, https:\/\/i0.wp.com\/ruthdaugherty.com\/wp-content\/uploads\/2023\/10\/photo_2021-08-28_19-20-33.jpg?resize=9%2C12&amp;ssl=1 9w, https:\/\/i0.wp.com\/ruthdaugherty.com\/wp-content\/uploads\/2023\/10\/photo_2021-08-28_19-20-33.jpg?resize=209%2C272&amp;ssl=1 209w, https:\/\/i0.wp.com\/ruthdaugherty.com\/wp-content\/uploads\/2023\/10\/photo_2021-08-28_19-20-33.jpg?w=983&amp;ssl=1 983w\" sizes=\"auto, (max-width: 660px) 100vw, 660px\" \/><\/figure>\n<\/div>\n\n\n<p class=\"wp-block-paragraph\">Ich nahm an einer Sitzung mit Ruth teil. Dabei habe ich eine sehr positive Schwingung und Energie gesp\u00fcrt. Diese hat mich auf meiner spirituellen Reise definitiv weitergebracht. So eine Art von Energiesitzung kannte ich noch nicht. Ich bin Ruth sehr dankbar, dass ich in ihrem Kurs mitmachen durfte. Sie war freundlich und gro\u00dfz\u00fcgig. In ihren Gruppensitzungen ist sie auch sympathisch, respektvoll und voller Dankbarkeit gegen\u00fcber den Teilnehmern. Ich bete zu Gott, dass Ruth Erfolg, Ehre und gute Ergebnisses bei ihrer Arbeit haben wird. M\u00f6ge Gott ihr immer gn\u00e4dig sein.<\/p>\n\n\n\n<p class=\"wp-block-paragraph\">Danke sch\u00f6n<\/p>\n\n\n\n<p class=\"wp-block-paragraph\">Tilak <\/p>\n\n\n\n<p class=\"wp-block-paragraph\"><\/p>\n","protected":false},"excerpt":{"rendered":"<p>Ich nahm an einer Sitzung mit Ruth teil. Dabei habe ich eine sehr positive Schwingung und Energie gesp\u00fcrt. Diese hat mich auf meiner spirituellen Reise definitiv weitergebracht. So eine Art von Energiesitzung kannte ich noch nicht. Ich bin Ruth sehr dankbar, dass ich in ihrem Kurs mitmachen durfte. Sie war freundlich und gro\u00dfz\u00fcgig. In ihren &hellip; <a href=\"https:\/\/ruthdaugherty.com\/de_de\/tilak\/\" class=\"more-link\"><span class=\"screen-reader-text\">Tilak aus Indien<\/span> weiterlesen<\/a><\/p>\n","protected":false},"author":204484903,"featured_media":0,"parent":0,"menu_order":0,"comment_status":"closed","ping_status":"closed","template":"","meta":{"_coblocks_attr":"","_coblocks_dimensions":"","_coblocks_responsive_height":"","_coblocks_accordion_ie_support":"","_crdt_document":"","advanced_seo_description":"","jetpack_seo_html_title":"","jetpack_seo_noindex":false,"footnotes":""},"class_list":["post-934","page","type-page","status-publish","hentry"],"jetpack_likes_enabled":false,"jetpack_sharing_enabled":true,"jetpack_shortlink":"https:\/\/wp.me\/PcXYcW-f4","amp_enabled":true,"_links":{"self":[{"href":"https:\/\/ruthdaugherty.com\/de_de\/wp-json\/wp\/v2\/pages\/934","targetHints":{"allow":["GET"]}}],"collection":[{"href":"https:\/\/ruthdaugherty.com\/de_de\/wp-json\/wp\/v2\/pages"}],"about":[{"href":"https:\/\/ruthdaugherty.com\/de_de\/wp-json\/wp\/v2\/types\/page"}],"author":[{"embeddable":true,"href":"https:\/\/ruthdaugherty.com\/de_de\/wp-json\/wp\/v2\/users\/204484903"}],"replies":[{"embeddable":true,"href":"https:\/\/ruthdaugherty.com\/de_de\/wp-json\/wp\/v2\/comments?post=934"}],"version-history":[{"count":10,"href":"https:\/\/ruthdaugherty.com\/de_de\/wp-json\/wp\/v2\/pages\/934\/revisions"}],"predecessor-version":[{"id":4369,"href":"https:\/\/ruthdaugherty.com\/de_de\/wp-json\/wp\/v2\/pages\/934\/revisions\/4369"}],"wp:attachment":[{"href":"https:\/\/ruthdaugherty.com\/de_de\/wp-json\/wp\/v2\/media?parent=934"}],"curies":[{"name":"wp","href":"https:\/\/api.w.org\/{rel}","templated":true}]}}