{"id":865,"date":"2021-08-02T07:06:07","date_gmt":"2021-08-02T05:06:07","guid":{"rendered":"https:\/\/ruthdaugherty.com\/?page_id=865"},"modified":"2025-01-10T10:46:02","modified_gmt":"2025-01-10T09:46:02","slug":"aktivierung-der-drei-gehirnstroeme","status":"publish","type":"page","link":"https:\/\/ruthdaugherty.com\/de_de\/aktivierung-der-drei-gehirnstroeme\/","title":{"rendered":"Aktivierung der drei Gehirnstr\u00f6me (Alpha, Beta und Gamma)"},"content":{"rendered":"\n<p class=\"wp-block-paragraph\">Unsere Gehirnstr\u00f6me sind Skalarwellen \u2013 welche die Verbindung zur Seelen-DNA im Gehirn sind.<\/p>\n\n\n\n<p class=\"wp-block-paragraph\">Voil\u00e1 \u2013 Alpha\/ Beta\/ Gammawellen (diese sind in jedem EEG messbar).<\/p>\n\n\n\n<p class=\"wp-block-paragraph\"><strong>Beschreibung:<\/strong><br>Wenn es eine St\u00f6rung gibt in den Gehirnwellen (Alpha, Beta, Gamma), dann ist der Kommunikationsstrom zwischen Gehirn und K\u00f6rper und allen Organen unterbrochen. Der physische K\u00f6rper ist dadurch immens beeinflusst. Je klarer die Gehirnstr\u00f6me sind, umso feinstofflicher wird die Energie im K\u00f6rper und umso vitaler ist der Organismus. Die Aktivierung der Skalarwellen ist ein wichtiges und geniales Manifest der Gesundheit.<\/p>\n\n\n\n<p class=\"wp-block-paragraph\">Erfahre die Genialit\u00e4t der optimalen Einstellung deiner Gehirnstr\u00f6me und aktiviere dadurch deine wichtige Gesundheit in deinem K\u00f6rper. Je st\u00e4rker die Gehirnstr\u00f6me in die Kreativit\u00e4t der Seele eingebettet sind \u2013 umso ges\u00fcnder BIST DU!<\/p>\n\n\n\n<p class=\"wp-block-paragraph\">Es sind die Str\u00f6me deiner Seelen-DNA.<\/p>\n\n\n\n<p class=\"wp-block-paragraph\">SO WICHTIG \u2013 f\u00fcr die Gesundheit, f\u00fcr das Immunsystem, f\u00fcr die Organe!!!<\/p>\n\n\n\n<p class=\"wp-block-paragraph\">Es werden keine Heilbehandlungen im Sinne des Heilpraktiker Gesetzes durchgef\u00fchrt. Die angewandten Techniken stellen keinen Ersatz f\u00fcr eine psychologische oder medizinische Behandlung dar. Die Teilnahme erfolgt auf eigene Verantwortung.<\/p>\n\n\n\n<div class=\"wp-block-buttons is-layout-flex wp-block-buttons-is-layout-flex\">\n<div class=\"wp-block-button is-style-circular\"><a class=\"wp-block-button__link has-luminous-vivid-amber-to-luminous-vivid-orange-gradient-background has-background wp-element-button\" href=\"https:\/\/ruth.tucalendi.com\/ruthskalender\/aktivierung-gehirnstroeme-de\" style=\"border-radius:0px\">jetzt f\u00fcr 189,00 Euro buchen<\/a><\/div>\n<\/div>\n\n\n\n<div style=\"height:30px\" aria-hidden=\"true\" class=\"wp-block-spacer\"><\/div>\n\n\n\n<p class=\"wp-block-paragraph\">Foto: canva.com @cosmin4000 @GettyImages<\/p>\n","protected":false},"excerpt":{"rendered":"<p>Unsere Gehirnstr\u00f6me sind Skalarwellen \u2013 welche die Verbindung zur Seelen-DNA im Gehirn sind. Voil\u00e1 \u2013 Alpha\/ Beta\/ Gammawellen (diese sind in jedem EEG messbar). Beschreibung:Wenn es eine St\u00f6rung gibt in den Gehirnwellen (Alpha, Beta, Gamma), dann ist der Kommunikationsstrom zwischen Gehirn und K\u00f6rper und allen Organen unterbrochen. Der physische K\u00f6rper ist dadurch immens beeinflusst. Je &hellip; <a href=\"https:\/\/ruthdaugherty.com\/de_de\/aktivierung-der-drei-gehirnstroeme\/\" class=\"more-link\"><span class=\"screen-reader-text\">Aktivierung der drei Gehirnstr\u00f6me (Alpha, Beta und Gamma)<\/span> weiterlesen<\/a><\/p>\n","protected":false},"author":204484903,"featured_media":3019,"parent":0,"menu_order":0,"comment_status":"closed","ping_status":"closed","template":"","meta":{"_coblocks_attr":"","_coblocks_dimensions":"","_coblocks_responsive_height":"","_coblocks_accordion_ie_support":"","_crdt_document":"","advanced_seo_description":"","jetpack_seo_html_title":"","jetpack_seo_noindex":false,"footnotes":""},"class_list":["post-865","page","type-page","status-publish","has-post-thumbnail","hentry"],"jetpack_likes_enabled":false,"jetpack_sharing_enabled":true,"jetpack_shortlink":"https:\/\/wp.me\/PcXYcW-dX","amp_enabled":true,"_links":{"self":[{"href":"https:\/\/ruthdaugherty.com\/de_de\/wp-json\/wp\/v2\/pages\/865","targetHints":{"allow":["GET"]}}],"collection":[{"href":"https:\/\/ruthdaugherty.com\/de_de\/wp-json\/wp\/v2\/pages"}],"about":[{"href":"https:\/\/ruthdaugherty.com\/de_de\/wp-json\/wp\/v2\/types\/page"}],"author":[{"embeddable":true,"href":"https:\/\/ruthdaugherty.com\/de_de\/wp-json\/wp\/v2\/users\/204484903"}],"replies":[{"embeddable":true,"href":"https:\/\/ruthdaugherty.com\/de_de\/wp-json\/wp\/v2\/comments?post=865"}],"version-history":[{"count":60,"href":"https:\/\/ruthdaugherty.com\/de_de\/wp-json\/wp\/v2\/pages\/865\/revisions"}],"predecessor-version":[{"id":7024,"href":"https:\/\/ruthdaugherty.com\/de_de\/wp-json\/wp\/v2\/pages\/865\/revisions\/7024"}],"wp:featuredmedia":[{"embeddable":true,"href":"https:\/\/ruthdaugherty.com\/de_de\/wp-json\/wp\/v2\/media\/3019"}],"wp:attachment":[{"href":"https:\/\/ruthdaugherty.com\/de_de\/wp-json\/wp\/v2\/media?parent=865"}],"curies":[{"name":"wp","href":"https:\/\/api.w.org\/{rel}","templated":true}]}}