{"id":7,"date":"2021-04-06T19:45:16","date_gmt":"2021-04-06T17:45:16","guid":{"rendered":"https:\/\/ruthdaugherty.com\/?page_id=7"},"modified":"2023-11-08T13:02:57","modified_gmt":"2023-11-08T12:02:57","slug":"blog","status":"publish","type":"page","link":"https:\/\/ruthdaugherty.com\/de_de\/blog\/","title":{"rendered":"Blog"},"content":{"rendered":"<ul class=\"wp-block-latest-posts__list has-dates wp-block-latest-posts\"><li><a class=\"wp-block-latest-posts__post-title\" href=\"https:\/\/ruthdaugherty.com\/de_de\/2024\/03\/03\/was-ist-das-quantenfeld\/\">Was ist das Quantenfeld?<\/a><time datetime=\"2024-03-03T18:26:30+01:00\" class=\"wp-block-latest-posts__post-date\">3. M\u00e4rz 2024<\/time><div class=\"wp-block-latest-posts__post-excerpt\">Das Quantenfeld ist ein unsichtbares Gef\u00fcge aus Energie und Informationen, das unabh\u00e4ngig von Raum und Zeit existiert. Es bildet den Ursprung aller Materie. Obwohl es nicht sichtbar ist, bedeutet das keineswegs, dass es nicht existiert. Das Quantenfeld ist ein Raum ohne Zeit \u2013 absolut frei von Drama und Existenz\u00e4ngsten. In diesem intelligenten Liebesreservoir gibt es &hellip; <a href=\"https:\/\/ruthdaugherty.com\/de_de\/2024\/03\/03\/was-ist-das-quantenfeld\/\" class=\"more-link\"><span class=\"screen-reader-text\">Was ist das Quantenfeld?<\/span> weiterlesen<\/a><\/div><\/li>\n<li><a class=\"wp-block-latest-posts__post-title\" href=\"https:\/\/ruthdaugherty.com\/de_de\/2022\/06\/04\/wie-kann-man-durch-vergebung-heilung-erfahren\/\">Wie kann man durch Vergebung Heilung erfahren?<\/a><time datetime=\"2022-06-04T19:39:53+02:00\" class=\"wp-block-latest-posts__post-date\">4. Juni 2022<\/time><div class=\"wp-block-latest-posts__post-excerpt\">Warum ist Vergebung so wichtig? Durch Vergebung findest du inneren Frieden! Du verdienst es, gl\u00fccklich zu sein! Groll ist wie Gift zu essen und zu erwarten, dass die andere Person stirbt! Wenn du den Groll losl\u00e4sst, wirst du Gl\u00fcckseligkeit, Gesundheit und inneren Frieden erfahren! Verstehe, dass die Person, die dich verletzt hat, dies nicht mit &hellip; <a href=\"https:\/\/ruthdaugherty.com\/de_de\/2022\/06\/04\/wie-kann-man-durch-vergebung-heilung-erfahren\/\" class=\"more-link\"><span class=\"screen-reader-text\">Wie kann man durch Vergebung Heilung erfahren?<\/span> weiterlesen<\/a><\/div><\/li>\n<li><a class=\"wp-block-latest-posts__post-title\" href=\"https:\/\/ruthdaugherty.com\/de_de\/2022\/04\/11\/wer-oder-was-ist-die-seele\/\">Wer oder was ist die Seele?<\/a><time datetime=\"2022-04-11T20:35:32+02:00\" class=\"wp-block-latest-posts__post-date\">11. April 2022<\/time><div class=\"wp-block-latest-posts__post-excerpt\">Deine Seele ist die wahre Essenz dessen, was du wirklich bist! Wir alle haben gro\u00dfartige, sch\u00f6ne, strahlende Seelen mit leuchtenden Farben! Seit Millionen von Jahren werden wir bis ins Innerste manipuliert. Man hat uns unserer G\u00f6ttlichkeit, unserer Manifestations- und Teleportationskr\u00e4fte beraubt. Wir haben so viele Schichten der Manipulation, die \u00fcber uns gelegt wurden. So dass &hellip; <a href=\"https:\/\/ruthdaugherty.com\/de_de\/2022\/04\/11\/wer-oder-was-ist-die-seele\/\" class=\"more-link\"><span class=\"screen-reader-text\">Wer oder was ist die Seele?<\/span> weiterlesen<\/a><\/div><\/li>\n<li><a class=\"wp-block-latest-posts__post-title\" href=\"https:\/\/ruthdaugherty.com\/de_de\/2022\/03\/03\/tipps-und-tricks-zum-manifestieren\/\">Tipps und Tricks zum Manifestieren<\/a><time datetime=\"2022-03-03T12:38:43+01:00\" class=\"wp-block-latest-posts__post-date\">3. M\u00e4rz 2022<\/time><div class=\"wp-block-latest-posts__post-excerpt\">Energie folgt der Aufmerksamkeit. Durch Gedanken, Worte und Taten erschaffen wir unsere eigene Realit\u00e4t, deshalb d\u00fcrfen wir achtsam mit unseren W\u00f6rtern sein. Wenn du \u00fcber Probleme redest, dann benutze folgendes Wort: NOCH Indem du das Wort noch benutzt, nimmst du dem Problem die Kraft und manifestierst dadurch, dass es nur tempor\u00e4r ist und sich ver\u00e4ndern &hellip; <a href=\"https:\/\/ruthdaugherty.com\/de_de\/2022\/03\/03\/tipps-und-tricks-zum-manifestieren\/\" class=\"more-link\"><span class=\"screen-reader-text\">Tipps und Tricks zum Manifestieren<\/span> weiterlesen<\/a><\/div><\/li>\n<li><a class=\"wp-block-latest-posts__post-title\" href=\"https:\/\/ruthdaugherty.com\/de_de\/2021\/11\/24\/sind-die-gedanken-wirklich-frei\/\">Sind die Gedanken wirklich frei?<\/a><time datetime=\"2021-11-24T18:30:50+01:00\" class=\"wp-block-latest-posts__post-date\">24. November 2021<\/time><div class=\"wp-block-latest-posts__post-excerpt\">In dem Lied &#8222;Die Gedanken sind frei&#8220; hei\u00dft es so sch\u00f6n, dass die Gedanken frei sind. Aber sind die Gedanken wirklich frei? So viele Manipulationen sind \u00fcber uns gelegt worden. In Wirklichkeit sind wir g\u00f6ttliche Wesen ohne Gedanken und negative Gef\u00fchle. So oft besch\u00e4ftigt uns der Verstand mit unn\u00fctzen, irrf\u00fchrenden, negativen Gedanken. Wie oft stecken &hellip; <a href=\"https:\/\/ruthdaugherty.com\/de_de\/2021\/11\/24\/sind-die-gedanken-wirklich-frei\/\" class=\"more-link\"><span class=\"screen-reader-text\">Sind die Gedanken wirklich frei?<\/span> weiterlesen<\/a><\/div><\/li>\n<li><a class=\"wp-block-latest-posts__post-title\" href=\"https:\/\/ruthdaugherty.com\/de_de\/2021\/05\/26\/lemuria-0\/\">Lemuria<\/a><time datetime=\"2021-05-26T16:45:52+02:00\" class=\"wp-block-latest-posts__post-date\">26. Mai 2021<\/time><div class=\"wp-block-latest-posts__post-excerpt\">Lemuria hat vor 280 Millionen Jahren auf der Erde existiert. Es ist eine L\u00fcge, dass die Menschen in Lemuria aus Habgier und Missgunst untergangen sind. Lemuria ist energetisch hochgestiegen, von der grobstofflichen in die feinstoffliche Ebene gewechselt. Keiner ist bei dem Aufstieg gestorben. Wir, alle Menschen, haben die lemurianische DNA in uns. Deswegen ist unser &hellip; <a href=\"https:\/\/ruthdaugherty.com\/de_de\/2021\/05\/26\/lemuria-0\/\" class=\"more-link\"><span class=\"screen-reader-text\">Lemuria<\/span> weiterlesen<\/a><\/div><\/li>\n<li><a class=\"wp-block-latest-posts__post-title\" href=\"https:\/\/ruthdaugherty.com\/de_de\/2021\/04\/25\/181\/\">Mein Erfahrungsbericht zur Blaupause und anderen Befreiungen<\/a><time datetime=\"2021-04-25T14:03:08+02:00\" class=\"wp-block-latest-posts__post-date\">25. April 2021<\/time><div class=\"wp-block-latest-posts__post-excerpt\">Am 4. November 2018 habe ich die 40-t\u00e4gige tempor\u00e4re Blaupause erhalten. Die Blaupause ist ein geistiger Schutzmantel, der vor Fremdeinfl\u00fcssen sch\u00fctzt. Da ich geistig sehr sensibel bin, habe ich sofort den Unterschied gesp\u00fcrt. Im Dezember 2018 haben mein Sohn, damals 6. Jahre alt, und ich die permanente Blaupause erhalten. Als wir sie erhielten, f\u00fchlte ich, &hellip; <a href=\"https:\/\/ruthdaugherty.com\/de_de\/2021\/04\/25\/181\/\" class=\"more-link\"><span class=\"screen-reader-text\">Mein Erfahrungsbericht zur Blaupause und anderen Befreiungen<\/span> weiterlesen<\/a><\/div><\/li>\n<li><a class=\"wp-block-latest-posts__post-title\" href=\"https:\/\/ruthdaugherty.com\/de_de\/2021\/04\/24\/mein-beitrag-zum-frieden\/\">Mein Beitrag zum Frieden<\/a><time datetime=\"2021-04-24T18:36:57+02:00\" class=\"wp-block-latest-posts__post-date\">24. April 2021<\/time><div class=\"wp-block-latest-posts__post-excerpt\">Alle w\u00fcnschen wir uns Frieden auf Erden. Nur wie wollen wir Frieden auf Erden bringen, wenn wir selbst mit unserer Familie noch im Krieg miteinander leben? Hier erz\u00e4hle ich, wie ich Frieden mit meinem Exmann geschlossen habe. 2009 haben mein Exmann und ich geheiratet. Damals waren wir extremst verliebt und dachten wir w\u00fcrden den Rest &hellip; <a href=\"https:\/\/ruthdaugherty.com\/de_de\/2021\/04\/24\/mein-beitrag-zum-frieden\/\" class=\"more-link\"><span class=\"screen-reader-text\">Mein Beitrag zum Frieden<\/span> weiterlesen<\/a><\/div><\/li>\n<\/ul>\n\n\n<hr class=\"wp-block-separator has-css-opacity is-style-wide\"\/>\n\n\n\n<h3 class=\"wp-block-heading has-text-align-left\">Meinem Blog folgen<\/h3>\n\n\n\n<p class=\"has-text-align-left wp-block-paragraph\">Erhalte Benachrichtigungen \u00fcber neue Inhalte direkt per E-Mail.<\/p>\n\n\n<div class=\"wp-block-jetpack-subscriptions__supports-newline wp-block-jetpack-subscriptions wp-block-jetpack-subscriptions__supports-newline wp-block-jetpack-subscriptions__use-newline is-style-compact wp-block-jetpack-subscriptions\">\n\t\t<div>\n\t\t\t<div>\n\t\t\t\t<div>\n\t\t\t\t\t<p style=\"width: 25%;max-width: 100%;\">\n\t\t\t\t\t\t<a href=\"https:\/\/ruthdaugherty.com\/de_de\/?post_type=page&#038;p=7\" style=\"background: #fe7606;width: calc(100% - 10px);font-size: 16px;padding: 15px 23px 15px 23px;margin: 0; margin-left: 10px;border-radius: 0px;border-width: 1px;border-color: #fe7606; border-style: solid; background-color: #113AF5; color: #FFFFFF; text-decoration: none; white-space: nowrap; margin-left: 0\">Abonnieren<\/a>\n\t\t\t\t\t<\/p>\n\t\t\t\t<\/div>\n\t\t\t<\/div>\n\t\t<\/div>\n\t<\/div>","protected":false},"excerpt":{"rendered":"<p>Meinem Blog folgen Erhalte Benachrichtigungen \u00fcber neue Inhalte direkt per E-Mail.<\/p>\n","protected":false},"author":204484903,"featured_media":0,"parent":0,"menu_order":0,"comment_status":"closed","ping_status":"closed","template":"","meta":{"_coblocks_attr":"","_coblocks_dimensions":"","_coblocks_responsive_height":"","_coblocks_accordion_ie_support":"","_crdt_document":"","advanced_seo_description":"","jetpack_seo_html_title":"","jetpack_seo_noindex":false,"footnotes":""},"class_list":["post-7","page","type-page","status-publish","hentry"],"jetpack_likes_enabled":null,"jetpack_sharing_enabled":false,"jetpack_shortlink":"https:\/\/wp.me\/PcXYcW-7","amp_enabled":true,"_links":{"self":[{"href":"https:\/\/ruthdaugherty.com\/de_de\/wp-json\/wp\/v2\/pages\/7","targetHints":{"allow":["GET"]}}],"collection":[{"href":"https:\/\/ruthdaugherty.com\/de_de\/wp-json\/wp\/v2\/pages"}],"about":[{"href":"https:\/\/ruthdaugherty.com\/de_de\/wp-json\/wp\/v2\/types\/page"}],"author":[{"embeddable":true,"href":"https:\/\/ruthdaugherty.com\/de_de\/wp-json\/wp\/v2\/users\/204484903"}],"replies":[{"embeddable":true,"href":"https:\/\/ruthdaugherty.com\/de_de\/wp-json\/wp\/v2\/comments?post=7"}],"version-history":[{"count":6,"href":"https:\/\/ruthdaugherty.com\/de_de\/wp-json\/wp\/v2\/pages\/7\/revisions"}],"predecessor-version":[{"id":4480,"href":"https:\/\/ruthdaugherty.com\/de_de\/wp-json\/wp\/v2\/pages\/7\/revisions\/4480"}],"wp:attachment":[{"href":"https:\/\/ruthdaugherty.com\/de_de\/wp-json\/wp\/v2\/media?parent=7"}],"curies":[{"name":"wp","href":"https:\/\/api.w.org\/{rel}","templated":true}]}}