{"id":6,"date":"2021-04-06T19:45:17","date_gmt":"2021-04-06T17:45:17","guid":{"rendered":"https:\/\/ruthdaugherty.com\/?page_id=6"},"modified":"2024-10-26T13:50:33","modified_gmt":"2024-10-26T11:50:33","slug":"home","status":"publish","type":"page","link":"https:\/\/ruthdaugherty.com\/de_de\/","title":{"rendered":"Quantenfeld-Coaching-Sitzungen"},"content":{"rendered":"\n<h3 class=\"wp-block-heading\">Durch meine Coaching-Sitzungen erh\u00e4ltst du Unterst\u00fctzung f\u00fcr ein erf\u00fclltes Leben voller Freude, Gesundheit und Erfolg.<\/h3>\n\n\n<div class=\"wp-block-image\">\n<figure class=\"alignright size-full is-resized\"><img data-recalc-dims=\"1\" loading=\"lazy\" decoding=\"async\" width=\"660\" height=\"660\" data-attachment-id=\"1251\" data-permalink=\"https:\/\/ruthdaugherty.com\/de_de\/my-offers\/img_20210602_223821_724\/\" data-orig-file=\"https:\/\/i0.wp.com\/ruthdaugherty.com\/wp-content\/uploads\/2021\/11\/img_20210602_223821_724.jpg?fit=3456%2C3456&amp;ssl=1\" data-orig-size=\"3456,3456\" data-comments-opened=\"1\" data-image-meta=\"{&quot;aperture&quot;:&quot;0&quot;,&quot;credit&quot;:&quot;&quot;,&quot;camera&quot;:&quot;&quot;,&quot;caption&quot;:&quot;&quot;,&quot;created_timestamp&quot;:&quot;0&quot;,&quot;copyright&quot;:&quot;&quot;,&quot;focal_length&quot;:&quot;0&quot;,&quot;iso&quot;:&quot;0&quot;,&quot;shutter_speed&quot;:&quot;0&quot;,&quot;title&quot;:&quot;&quot;,&quot;orientation&quot;:&quot;0&quot;}\" data-image-title=\"IMG_20210602_223821_724\" data-image-description=\"\" data-image-caption=\"\" data-medium-file=\"https:\/\/i0.wp.com\/ruthdaugherty.com\/wp-content\/uploads\/2021\/11\/img_20210602_223821_724.jpg?fit=300%2C300&amp;ssl=1\" data-large-file=\"https:\/\/i0.wp.com\/ruthdaugherty.com\/wp-content\/uploads\/2021\/11\/img_20210602_223821_724.jpg?fit=660%2C660&amp;ssl=1\" src=\"https:\/\/i0.wp.com\/ruthdaugherty.com\/wp-content\/uploads\/2021\/11\/img_20210602_223821_724.jpg?resize=660%2C660&#038;ssl=1\" alt=\"\" class=\"wp-image-1251\" style=\"width:190px;height:190px\"\/><\/figure>\n<\/div>\n\n\n<p class=\"wp-block-paragraph\">Sch\u00f6n, dass du hierher gefunden hast. Bist du schon lange auf der Suche nach innerem Frieden, Gesundheit und einem erf\u00fcllten Leben? Durch meine Coaching-Sitzungen erh\u00e4ltst du Unterst\u00fctzung f\u00fcr ein Leben voller Leichtigkeit, Gesundheit und Erfolg, sodass du grenzenlose F\u00fclle auf allen Ebenen erleben kannst.<\/p>\n\n\n\n<p class=\"wp-block-paragraph\">W\u00e4hrend den Coaching-Sitzungen arbeite ich mit Techniken aus dem Quantenfeld, die sehr effektiv sind und grundlegende Ver\u00e4nderungen in deinem Leben bewirken k\u00f6nnen. Meine St\u00e4rke besteht darin, auf der energetischen und emotionalen Ebene zu arbeiten. W\u00e4hrend der Coaching-Sitzung sp\u00fcre ich emotionale\/energetische Blockaden auf und helfe dir dabei, sie zu l\u00f6sen.<\/p>\n\n\n\n<p class=\"wp-block-paragraph\">Das Quantenfeld ist ein unsichtbares Feld aus Energie und Informationen, die unabh\u00e4ngig von Raum und Zeit existieren. Es ist der Ursprung aller Materie. Man kann es nicht sehen, aber das hei\u00dft nicht, dass es nicht existiert. In meinen Coaching-Sitzungen lernst du, wie du mit deiner Gedankenkraft dein Wunschleben manifestieren kannst.<\/p>\n\n\n\n<p class=\"wp-block-paragraph\">Unter anderem biete ich die <a href=\"https:\/\/ruthdaugherty.com\/de_de\/blaupause-mit-oronos-nach-natara\/\">Blaupause<\/a> an. Die Blaupause ist ein geistiger Schutzmantel, der sich um deine Aura legt und vor 3G, 4G, 5G, WLAN, atomaren Strahlen und Fremdeinfl\u00fcssen sch\u00fctzt. Mit der Blaupause bist du immer zur richtigen Zeit am richtigen Ort, was Leichtigkeit in dein Leben bringt. Durch deine eigene Blaupause bist du auch mit dem Quantenfeld verbunden, was es dir erleichtert, deinen eigenen Seelenweg zu gehen. Dadurch k\u00f6nnen Seelenfrieden und Zufriedenheit in dein Leben zur\u00fcckkehren.<\/p>\n\n\n\n<p class=\"wp-block-paragraph\">W\u00e4hrend der Coaching-Sitzung kann ich auch neue <a href=\"https:\/\/ruthdaugherty.com\/de_de\/zeitlinien\/\">Zeitlinien<\/a> f\u00fcr dich \u00f6ffnen. Denn auf alten Zeitlinien zu leben bedeutet Leid, ungl\u00fcckliche Beziehungen, Geldprobleme, Krankheiten und Tod. Mit den neu ge\u00f6ffneten Zeitlinien wird ein Fundament f\u00fcr ein erf\u00fclltes Leben gelegt.<\/p>\n\n\n\n<p class=\"wp-block-paragraph\">Die Coaching-Sitzungen k\u00f6nnen pers\u00f6nlich, telefonisch oder \u00fcber Videokonferenz stattfinden. Auf meinem Blog findest du Tipps und Tricks f\u00fcr ein erf\u00fclltes Leben.<\/p>\n\n\n\n<p class=\"wp-block-paragraph\">Auf meinem Blog erh\u00e4ltst du <a href=\"https:\/\/ruthdaugherty.com\/2022\/03\/03\/tipps-und-tricks-zum-manifestieren\/\">Tipps und Tricks<\/a> f\u00fcr ein erf\u00fclltes Leben.<\/p>\n\n\n\n<p class=\"wp-block-paragraph\">Ganz liebe Gr\u00fc\u00dfe aus Deutschland<\/p>\n\n\n\n<p class=\"wp-block-paragraph\"><strong>Ruth Svakataly Daugherty<br><\/strong>Quantenfeld-Intuitions-Coach<br>Botschafterin von <a href=\"https:\/\/ruthdaugherty.com\/de_de\/2021\/05\/26\/lemuria-0\/\">Lemuria<\/a><\/p>\n\n\n\n<p class=\"wp-block-paragraph\"><strong>Erhalte Benachrichtigungen \u00fcber neue Blogeintr\u00e4ge direkt per E-Mail.<\/strong> <\/p>\n\n\n<div class=\"wp-block-jetpack-subscriptions__supports-newline is-style-compact wp-block-jetpack-subscriptions\">\n\t\t<div>\n\t\t\t<div>\n\t\t\t\t<div>\n\t\t\t\t\t<p >\n\t\t\t\t\t\t<a href=\"https:\/\/ruthdaugherty.com\/de_de\/?post_type=page&#038;p=6\" style=\"background: #fe7606;font-size: 16px;padding: 15px 23px 15px 23px;margin: 0; margin-left: 10px;border-radius: 0px;border-width: 1px;border-color: #fe7606; border-style: solid; background-color: #113AF5; color: #FFFFFF; text-decoration: none; white-space: nowrap; margin-left: 0\">Abonnieren<\/a>\n\t\t\t\t\t<\/p>\n\t\t\t\t<\/div>\n\t\t\t<\/div>\n\t\t<\/div>\n\t<\/div>\n\n\n<p class=\"wp-block-paragraph\"><\/p>\n\n\n\n<p class=\"wp-block-paragraph\"><\/p>\n","protected":false},"excerpt":{"rendered":"<p>Durch meine Coaching-Sitzungen erh\u00e4ltst du Unterst\u00fctzung f\u00fcr ein erf\u00fclltes Leben voller Freude, Gesundheit und Erfolg. Sch\u00f6n, dass du hierher gefunden hast. Bist du schon lange auf der Suche nach innerem Frieden, Gesundheit und einem erf\u00fcllten Leben? Durch meine Coaching-Sitzungen erh\u00e4ltst du Unterst\u00fctzung f\u00fcr ein Leben voller Leichtigkeit, Gesundheit und Erfolg, sodass du grenzenlose F\u00fclle auf &hellip; <a href=\"https:\/\/ruthdaugherty.com\/de_de\/\" class=\"more-link\"><span class=\"screen-reader-text\">Quantenfeld-Coaching-Sitzungen<\/span> weiterlesen<\/a><\/p>\n","protected":false},"author":204484903,"featured_media":0,"parent":0,"menu_order":1,"comment_status":"closed","ping_status":"closed","template":"","meta":{"_coblocks_attr":"","_coblocks_dimensions":"","_coblocks_responsive_height":"","_coblocks_accordion_ie_support":"","_crdt_document":"","advanced_seo_description":"","jetpack_seo_html_title":"","jetpack_seo_noindex":false,"jetpack_post_was_ever_published":false,"footnotes":""},"class_list":["post-6","page","type-page","status-publish","hentry"],"jetpack_likes_enabled":null,"jetpack_sharing_enabled":false,"jetpack_shortlink":"https:\/\/wp.me\/PcXYcW-6","amp_enabled":false,"_links":{"self":[{"href":"https:\/\/ruthdaugherty.com\/de_de\/wp-json\/wp\/v2\/pages\/6","targetHints":{"allow":["GET"]}}],"collection":[{"href":"https:\/\/ruthdaugherty.com\/de_de\/wp-json\/wp\/v2\/pages"}],"about":[{"href":"https:\/\/ruthdaugherty.com\/de_de\/wp-json\/wp\/v2\/types\/page"}],"author":[{"embeddable":true,"href":"https:\/\/ruthdaugherty.com\/de_de\/wp-json\/wp\/v2\/users\/204484903"}],"replies":[{"embeddable":true,"href":"https:\/\/ruthdaugherty.com\/de_de\/wp-json\/wp\/v2\/comments?post=6"}],"version-history":[{"count":100,"href":"https:\/\/ruthdaugherty.com\/de_de\/wp-json\/wp\/v2\/pages\/6\/revisions"}],"predecessor-version":[{"id":6341,"href":"https:\/\/ruthdaugherty.com\/de_de\/wp-json\/wp\/v2\/pages\/6\/revisions\/6341"}],"wp:attachment":[{"href":"https:\/\/ruthdaugherty.com\/de_de\/wp-json\/wp\/v2\/media?parent=6"}],"curies":[{"name":"wp","href":"https:\/\/api.w.org\/{rel}","templated":true}]}}