{"id":40,"date":"2021-04-06T19:56:59","date_gmt":"2021-04-06T17:56:59","guid":{"rendered":"https:\/\/ruthdaugherty.com\/?page_id=40"},"modified":"2025-11-02T13:06:42","modified_gmt":"2025-11-02T12:06:42","slug":"die-kraft-der-lemurianischen-kristalle","status":"publish","type":"page","link":"https:\/\/ruthdaugherty.com\/de_de\/die-kraft-der-lemurianischen-kristalle\/","title":{"rendered":"Die Kraft der lemurianischen Kristalle"},"content":{"rendered":"\n<p class=\"wp-block-paragraph\">Lemuria war eine friedvolle und sehr kraftvolle Zeit des Miteinanders auf unserer Erde, dem Planeten der Kreativit\u00e4t. Es gab keine Krankheiten und das Leben war gepr\u00e4gt durch Visionen und eine klare Ausrichtung auf die Zukunft. Die Menschen erschufen im Miteinander und manifestierten das Beste f\u00fcr die Gemeinschaft. Die Lemurianer waren gro\u00dfe Meister der Heilkunst und der wahren Lebendigkeit. Dies gilt es jetzt wieder hier auf der Erde zu verankern, denn dieses Wissen ist niemals ganz von der Erde verschwunden und wurde uns jetzt durch die Lemurianischen Meister neu offenbart.<\/p>\n\n\n\n<p class=\"wp-block-paragraph\">Mit der Heilkraft Lemurias behandle ich dich mit meinen drei lemurianischen Kristallen, welche in meinen Hand- und Fu\u00dfchakren und in meinem dritten Auge durch die Meister verankert wurden. So stellt sich Frieden in deinen Zellen ein und eine tiefe R\u00fcck-Erinnerung (deinerseits) kann stattfinden.<\/p>\n\n\n\n<p class=\"wp-block-paragraph\">Der K\u00f6rper besteht aus Kristallen, welche die Struktur des K\u00f6rpers und der Zellen zusammenhalten. Deshalb ist es so wichtig, dass mittels der lemurianischen Kristalle wieder eine harmonische Frequenz im Zellsystem und der DNA aktiviert wird und die Telomere so wieder wachsen k\u00f6nnen. <\/p>\n\n\n\n<p class=\"wp-block-paragraph\">Auf Wunsch l\u00f6sche ich Hologramme f\u00fcr dich. Begrenzende Hologramme in unserer Aura k\u00f6nnen entstanden sein durch Krankheiten, Mangel, Fl\u00fcche, Missbrauch, emotionale Themen und Verw\u00fcnschungen.<\/p>\n\n\n\n<p class=\"wp-block-paragraph\"><strong>Mit diesen lemurischen Kristallen agiere ich:<\/strong><\/p>\n\n\n\n<ul class=\"wp-block-list\">\n<li>dem blauen lemurianischen Kristalls in meinen Handchakren<\/li>\n\n\n\n<li>dem roten lemurianischen Kristall in meinem 3. Auge<\/li>\n\n\n\n<li>dem schwarzen lemurianischen Kristall in meinen Fu\u00dfchakren<\/li>\n<\/ul>\n\n\n\n<p class=\"wp-block-paragraph\"><strong>Ausgeleitet werden:<\/strong><\/p>\n\n\n\n<ul class=\"wp-block-list\">\n<li>Den<strong> PCR-Test<\/strong> <strong>energetisch ausleiten <\/strong>(bei mehreren PCR-Test sind mehrere Sitzungen n\u00f6tig)<\/li>\n\n\n\n<li><strong>Energetische Ausleitung der Corona-Impfung<\/strong> (bei mehreren Impfungen sind manchmal mehrere Sitzungen n\u00f6tig)<\/li>\n\n\n\n<li><strong>Hologramme<\/strong> (Hologramme sind Krankheiten, Mangel, Fl\u00fcche, Missbrauch, emotionale Themen und Verw\u00fcnschungen.)<\/li>\n\n\n\n<li><strong>Memories<\/strong> (schmerzhafte Erinnerungen)<\/li>\n<\/ul>\n\n\n\n<p class=\"wp-block-paragraph\">Es werden keine Heilbehandlungen im Sinne des Heilpraktiker Gesetzes durchgef\u00fchrt. Die angewandten Techniken stellen keinen Ersatz f\u00fcr eine psychologische oder medizinische Behandlung dar. Die Teilnahme erfolgt auf eigene Verantwortung.<\/p>\n\n\n\n<p class=\"wp-block-paragraph\"><\/p>\n\n\n\n<div class=\"wp-block-buttons is-layout-flex wp-block-buttons-is-layout-flex\">\n<div class=\"wp-block-button\"><a class=\"wp-block-button__link has-luminous-vivid-amber-to-luminous-vivid-orange-gradient-background has-background wp-element-button\" href=\"https:\/\/ruth.tucalendi.com\/ruthskalender\/die-kraft-der-lemurianischen\">Jetzt f\u00fcr 108,00 Euro buchen<\/a><\/div>\n<\/div>\n\n\n\n<div style=\"height:60px\" aria-hidden=\"true\" class=\"wp-block-spacer\"><\/div>\n\n\n\n<figure class=\"wp-block-image size-large has-lightbox\"><a href=\"https:\/\/www.youtube.com\/watch?v=d5wNjIaxaBs\" target=\"_blank\" rel=\"noreferrer noopener\"><img data-recalc-dims=\"1\" loading=\"lazy\" decoding=\"async\" width=\"660\" height=\"371\" data-attachment-id=\"5234\" data-permalink=\"https:\/\/ruthdaugherty.com\/de_de\/die-kraft-der-lemurianischen-kristalle\/thumbnail-fuer-youtube-fuer-meine-webseite_dt\/\" data-orig-file=\"https:\/\/i0.wp.com\/ruthdaugherty.com\/wp-content\/uploads\/2024\/03\/Thumbnail-fuer-YouTube-fuer-meine-Webseite_dt.png?fit=1280%2C720&amp;ssl=1\" data-orig-size=\"1280,720\" data-comments-opened=\"1\" data-image-meta=\"{&quot;aperture&quot;:&quot;0&quot;,&quot;credit&quot;:&quot;&quot;,&quot;camera&quot;:&quot;&quot;,&quot;caption&quot;:&quot;&quot;,&quot;created_timestamp&quot;:&quot;0&quot;,&quot;copyright&quot;:&quot;&quot;,&quot;focal_length&quot;:&quot;0&quot;,&quot;iso&quot;:&quot;0&quot;,&quot;shutter_speed&quot;:&quot;0&quot;,&quot;title&quot;:&quot;&quot;,&quot;orientation&quot;:&quot;0&quot;}\" data-image-title=\"Thumbnail-fuer-YouTube-fuer-meine-Webseite_dt\" data-image-description=\"\" data-image-caption=\"\" data-large-file=\"https:\/\/i0.wp.com\/ruthdaugherty.com\/wp-content\/uploads\/2024\/03\/Thumbnail-fuer-YouTube-fuer-meine-Webseite_dt.png?fit=660%2C371&amp;ssl=1\" src=\"https:\/\/i0.wp.com\/ruthdaugherty.com\/wp-content\/uploads\/2024\/03\/Thumbnail-fuer-YouTube-fuer-meine-Webseite_dt.png?resize=660%2C371&#038;ssl=1\" alt=\"\" class=\"wp-image-5234\" srcset=\"https:\/\/i0.wp.com\/ruthdaugherty.com\/wp-content\/uploads\/2024\/03\/Thumbnail-fuer-YouTube-fuer-meine-Webseite_dt.png?resize=1024%2C576&amp;ssl=1 1024w, https:\/\/i0.wp.com\/ruthdaugherty.com\/wp-content\/uploads\/2024\/03\/Thumbnail-fuer-YouTube-fuer-meine-Webseite_dt.png?resize=300%2C169&amp;ssl=1 300w, https:\/\/i0.wp.com\/ruthdaugherty.com\/wp-content\/uploads\/2024\/03\/Thumbnail-fuer-YouTube-fuer-meine-Webseite_dt.png?resize=768%2C432&amp;ssl=1 768w, https:\/\/i0.wp.com\/ruthdaugherty.com\/wp-content\/uploads\/2024\/03\/Thumbnail-fuer-YouTube-fuer-meine-Webseite_dt.png?resize=18%2C10&amp;ssl=1 18w, https:\/\/i0.wp.com\/ruthdaugherty.com\/wp-content\/uploads\/2024\/03\/Thumbnail-fuer-YouTube-fuer-meine-Webseite_dt.png?resize=1200%2C675&amp;ssl=1 1200w, https:\/\/i0.wp.com\/ruthdaugherty.com\/wp-content\/uploads\/2024\/03\/Thumbnail-fuer-YouTube-fuer-meine-Webseite_dt.png?resize=484%2C272&amp;ssl=1 484w, https:\/\/i0.wp.com\/ruthdaugherty.com\/wp-content\/uploads\/2024\/03\/Thumbnail-fuer-YouTube-fuer-meine-Webseite_dt.png?w=1280&amp;ssl=1 1280w\" sizes=\"auto, (max-width: 660px) 100vw, 660px\" \/><\/a><\/figure>\n\n\n\n<div style=\"height:30px\" aria-hidden=\"true\" class=\"wp-block-spacer\"><\/div>\n\n\n\n<div style=\"height:30px\" aria-hidden=\"true\" class=\"wp-block-spacer\"><\/div>\n\n\n\n<p class=\"wp-block-paragraph\">Foto: AdobeStock.com @muratart<\/p>\n","protected":false},"excerpt":{"rendered":"<p>Lemuria war eine friedvolle und sehr kraftvolle Zeit des Miteinanders auf unserer Erde, dem Planeten der Kreativit\u00e4t. Es gab keine Krankheiten und das Leben war gepr\u00e4gt durch Visionen und eine klare Ausrichtung auf die Zukunft. Die Menschen erschufen im Miteinander und manifestierten das Beste f\u00fcr die Gemeinschaft. Die Lemurianer waren gro\u00dfe Meister der Heilkunst und &hellip; <a href=\"https:\/\/ruthdaugherty.com\/de_de\/die-kraft-der-lemurianischen-kristalle\/\" class=\"more-link\"><span class=\"screen-reader-text\">Die Kraft der lemurianischen Kristalle<\/span> weiterlesen<\/a><\/p>\n","protected":false},"author":204484903,"featured_media":3037,"parent":0,"menu_order":0,"comment_status":"closed","ping_status":"closed","template":"","meta":{"_coblocks_attr":"","_coblocks_dimensions":"","_coblocks_responsive_height":"","_coblocks_accordion_ie_support":"","_crdt_document":"","advanced_seo_description":"","jetpack_seo_html_title":"","jetpack_seo_noindex":false,"footnotes":""},"class_list":["post-40","page","type-page","status-publish","has-post-thumbnail","hentry"],"jetpack_likes_enabled":false,"jetpack_sharing_enabled":true,"jetpack_shortlink":"https:\/\/wp.me\/PcXYcW-E","amp_enabled":true,"_links":{"self":[{"href":"https:\/\/ruthdaugherty.com\/de_de\/wp-json\/wp\/v2\/pages\/40","targetHints":{"allow":["GET"]}}],"collection":[{"href":"https:\/\/ruthdaugherty.com\/de_de\/wp-json\/wp\/v2\/pages"}],"about":[{"href":"https:\/\/ruthdaugherty.com\/de_de\/wp-json\/wp\/v2\/types\/page"}],"author":[{"embeddable":true,"href":"https:\/\/ruthdaugherty.com\/de_de\/wp-json\/wp\/v2\/users\/204484903"}],"replies":[{"embeddable":true,"href":"https:\/\/ruthdaugherty.com\/de_de\/wp-json\/wp\/v2\/comments?post=40"}],"version-history":[{"count":56,"href":"https:\/\/ruthdaugherty.com\/de_de\/wp-json\/wp\/v2\/pages\/40\/revisions"}],"predecessor-version":[{"id":9906,"href":"https:\/\/ruthdaugherty.com\/de_de\/wp-json\/wp\/v2\/pages\/40\/revisions\/9906"}],"wp:featuredmedia":[{"embeddable":true,"href":"https:\/\/ruthdaugherty.com\/de_de\/wp-json\/wp\/v2\/media\/3037"}],"wp:attachment":[{"href":"https:\/\/ruthdaugherty.com\/de_de\/wp-json\/wp\/v2\/media?parent=40"}],"curies":[{"name":"wp","href":"https:\/\/api.w.org\/{rel}","templated":true}]}}