{"id":342,"date":"2021-04-29T16:16:37","date_gmt":"2021-04-29T14:16:37","guid":{"rendered":"https:\/\/ruthdaugherty.com\/?page_id=342"},"modified":"2021-06-27T11:01:06","modified_gmt":"2021-06-27T09:01:06","slug":"formel-ein-mensch-kann-nur-als-mensch-aufstehen","status":"publish","type":"page","link":"https:\/\/ruthdaugherty.com\/de_de\/formel-ein-mensch-kann-nur-als-mensch-aufstehen\/","title":{"rendered":"Formel &#8211; Ein Mensch kann nur als Mensch aufstehen"},"content":{"rendered":"\n<p class=\"has-text-align-center wp-block-paragraph\">Diese Formel unterst\u00fctzt uns dabei endlich als Menschen aufstehen und ein selbst bestimmtes Leben f\u00fchren. Ihr k\u00f6nnt sie gerne ausdrucken und verteilen. \ud83d\ude42<\/p>\n\n\n\n<figure class=\"wp-block-image size-large\"><img data-recalc-dims=\"1\" loading=\"lazy\" decoding=\"async\" width=\"660\" height=\"933\" data-attachment-id=\"394\" data-permalink=\"https:\/\/ruthdaugherty.com\/de_de\/0001_zauberformel-ein-mensch-kann-nur-als-mensch-aufstehen-929279\/\" data-orig-file=\"https:\/\/i0.wp.com\/ruthdaugherty.com\/wp-content\/uploads\/2021\/05\/0001_zauberformel-ein-mensch-kann-nur-als-mensch-aufstehen-929279.jpg?fit=2481%2C3509&amp;ssl=1\" data-orig-size=\"2481,3509\" data-comments-opened=\"1\" data-image-meta=\"{&quot;aperture&quot;:&quot;0&quot;,&quot;credit&quot;:&quot;&quot;,&quot;camera&quot;:&quot;&quot;,&quot;caption&quot;:&quot;&quot;,&quot;created_timestamp&quot;:&quot;0&quot;,&quot;copyright&quot;:&quot;&quot;,&quot;focal_length&quot;:&quot;0&quot;,&quot;iso&quot;:&quot;0&quot;,&quot;shutter_speed&quot;:&quot;0&quot;,&quot;title&quot;:&quot;&quot;,&quot;orientation&quot;:&quot;0&quot;}\" data-image-title=\"0001_zauberformel-ein-mensch-kann-nur-als-mensch-aufstehen-929279\" data-image-description=\"\" data-image-caption=\"\" data-large-file=\"https:\/\/i0.wp.com\/ruthdaugherty.com\/wp-content\/uploads\/2021\/05\/0001_zauberformel-ein-mensch-kann-nur-als-mensch-aufstehen-929279.jpg?fit=660%2C933&amp;ssl=1\" src=\"https:\/\/i0.wp.com\/ruthdaugherty.com\/wp-content\/uploads\/2021\/05\/0001_zauberformel-ein-mensch-kann-nur-als-mensch-aufstehen-929279.jpg?resize=660%2C933&#038;ssl=1\" alt=\"\" class=\"wp-image-394\" \/><\/figure>\n\n\n\n<figure class=\"wp-block-image size-large\"><img data-recalc-dims=\"1\" loading=\"lazy\" decoding=\"async\" width=\"660\" height=\"933\" data-attachment-id=\"395\" data-permalink=\"https:\/\/ruthdaugherty.com\/de_de\/0002_zauberformel-ein-mensch-kann-nur-als-mensch-aufstehen-929279\/\" data-orig-file=\"https:\/\/i0.wp.com\/ruthdaugherty.com\/wp-content\/uploads\/2021\/05\/0002_zauberformel-ein-mensch-kann-nur-als-mensch-aufstehen-929279.jpg?fit=2481%2C3509&amp;ssl=1\" data-orig-size=\"2481,3509\" data-comments-opened=\"1\" data-image-meta=\"{&quot;aperture&quot;:&quot;0&quot;,&quot;credit&quot;:&quot;&quot;,&quot;camera&quot;:&quot;&quot;,&quot;caption&quot;:&quot;&quot;,&quot;created_timestamp&quot;:&quot;0&quot;,&quot;copyright&quot;:&quot;&quot;,&quot;focal_length&quot;:&quot;0&quot;,&quot;iso&quot;:&quot;0&quot;,&quot;shutter_speed&quot;:&quot;0&quot;,&quot;title&quot;:&quot;&quot;,&quot;orientation&quot;:&quot;0&quot;}\" data-image-title=\"0002_zauberformel-ein-mensch-kann-nur-als-mensch-aufstehen-929279\" data-image-description=\"\" data-image-caption=\"\" data-large-file=\"https:\/\/i0.wp.com\/ruthdaugherty.com\/wp-content\/uploads\/2021\/05\/0002_zauberformel-ein-mensch-kann-nur-als-mensch-aufstehen-929279.jpg?fit=660%2C933&amp;ssl=1\" src=\"https:\/\/i0.wp.com\/ruthdaugherty.com\/wp-content\/uploads\/2021\/05\/0002_zauberformel-ein-mensch-kann-nur-als-mensch-aufstehen-929279.jpg?resize=660%2C933&#038;ssl=1\" alt=\"\" class=\"wp-image-395\" \/><\/figure>\n\n\n\n<figure class=\"wp-block-image size-large\"><img data-recalc-dims=\"1\" loading=\"lazy\" decoding=\"async\" width=\"660\" height=\"933\" data-attachment-id=\"659\" data-permalink=\"https:\/\/ruthdaugherty.com\/de_de\/0003_zauberformel-ein-mensch-kann-nur-als-mensch-aufstehen-929279\/\" data-orig-file=\"https:\/\/i0.wp.com\/ruthdaugherty.com\/wp-content\/uploads\/2021\/06\/0003_zauberformel-ein-mensch-kann-nur-als-mensch-aufstehen-929279.jpg?fit=2481%2C3509&amp;ssl=1\" data-orig-size=\"2481,3509\" data-comments-opened=\"1\" data-image-meta=\"{&quot;aperture&quot;:&quot;0&quot;,&quot;credit&quot;:&quot;&quot;,&quot;camera&quot;:&quot;&quot;,&quot;caption&quot;:&quot;&quot;,&quot;created_timestamp&quot;:&quot;0&quot;,&quot;copyright&quot;:&quot;&quot;,&quot;focal_length&quot;:&quot;0&quot;,&quot;iso&quot;:&quot;0&quot;,&quot;shutter_speed&quot;:&quot;0&quot;,&quot;title&quot;:&quot;&quot;,&quot;orientation&quot;:&quot;0&quot;}\" data-image-title=\"0003_zauberformel-ein-mensch-kann-nur-als-mensch-aufstehen-929279\" data-image-description=\"\" data-image-caption=\"\" data-large-file=\"https:\/\/i0.wp.com\/ruthdaugherty.com\/wp-content\/uploads\/2021\/06\/0003_zauberformel-ein-mensch-kann-nur-als-mensch-aufstehen-929279.jpg?fit=660%2C933&amp;ssl=1\" src=\"https:\/\/i0.wp.com\/ruthdaugherty.com\/wp-content\/uploads\/2021\/06\/0003_zauberformel-ein-mensch-kann-nur-als-mensch-aufstehen-929279.jpg?resize=660%2C933&#038;ssl=1\" alt=\"\" class=\"wp-image-659\" \/><\/figure>\n","protected":false},"excerpt":{"rendered":"<p>Diese Formel unterst\u00fctzt uns dabei endlich als Menschen aufstehen und ein selbst bestimmtes Leben f\u00fchren. Ihr k\u00f6nnt sie gerne ausdrucken und verteilen. \ud83d\ude42<\/p>\n","protected":false},"author":204484903,"featured_media":0,"parent":0,"menu_order":0,"comment_status":"closed","ping_status":"closed","template":"","meta":{"_coblocks_attr":"","_coblocks_dimensions":"","_coblocks_responsive_height":"","_coblocks_accordion_ie_support":"","_crdt_document":"","advanced_seo_description":"","jetpack_seo_html_title":"","jetpack_seo_noindex":false,"footnotes":""},"class_list":["post-342","page","type-page","status-publish","hentry"],"jetpack_likes_enabled":false,"jetpack_sharing_enabled":true,"jetpack_shortlink":"https:\/\/wp.me\/PcXYcW-5w","amp_enabled":true,"_links":{"self":[{"href":"https:\/\/ruthdaugherty.com\/de_de\/wp-json\/wp\/v2\/pages\/342","targetHints":{"allow":["GET"]}}],"collection":[{"href":"https:\/\/ruthdaugherty.com\/de_de\/wp-json\/wp\/v2\/pages"}],"about":[{"href":"https:\/\/ruthdaugherty.com\/de_de\/wp-json\/wp\/v2\/types\/page"}],"author":[{"embeddable":true,"href":"https:\/\/ruthdaugherty.com\/de_de\/wp-json\/wp\/v2\/users\/204484903"}],"replies":[{"embeddable":true,"href":"https:\/\/ruthdaugherty.com\/de_de\/wp-json\/wp\/v2\/comments?post=342"}],"version-history":[{"count":3,"href":"https:\/\/ruthdaugherty.com\/de_de\/wp-json\/wp\/v2\/pages\/342\/revisions"}],"predecessor-version":[{"id":660,"href":"https:\/\/ruthdaugherty.com\/de_de\/wp-json\/wp\/v2\/pages\/342\/revisions\/660"}],"wp:attachment":[{"href":"https:\/\/ruthdaugherty.com\/de_de\/wp-json\/wp\/v2\/media?parent=342"}],"curies":[{"name":"wp","href":"https:\/\/api.w.org\/{rel}","templated":true}]}}