{"id":3087,"date":"2022-12-05T15:37:20","date_gmt":"2022-12-05T14:37:20","guid":{"rendered":"https:\/\/ruthdaugherty.com\/?page_id=3087"},"modified":"2023-05-19T15:10:39","modified_gmt":"2023-05-19T13:10:39","slug":"andere-coachs","status":"publish","type":"page","link":"https:\/\/ruthdaugherty.com\/de_de\/andere-coachs\/","title":{"rendered":"Andere Coachs"},"content":{"rendered":"\n<div class=\"wp-block-media-text alignwide is-stacked-on-mobile is-style-default\"><figure class=\"wp-block-media-text__media\"><img data-recalc-dims=\"1\" loading=\"lazy\" decoding=\"async\" width=\"660\" height=\"660\" data-attachment-id=\"3942\" data-permalink=\"https:\/\/ruthdaugherty.com\/de_de\/andere-coachs\/photo_2023-05-10_22-14-03_zugeschnitten-2\/\" data-orig-file=\"https:\/\/i0.wp.com\/ruthdaugherty.com\/wp-content\/uploads\/2023\/05\/photo_2023-05-10_22-14-03_zugeschnitten-2.jpg?fit=724%2C724&amp;ssl=1\" data-orig-size=\"724,724\" data-comments-opened=\"1\" data-image-meta=\"{&quot;aperture&quot;:&quot;0&quot;,&quot;credit&quot;:&quot;&quot;,&quot;camera&quot;:&quot;&quot;,&quot;caption&quot;:&quot;&quot;,&quot;created_timestamp&quot;:&quot;0&quot;,&quot;copyright&quot;:&quot;&quot;,&quot;focal_length&quot;:&quot;0&quot;,&quot;iso&quot;:&quot;0&quot;,&quot;shutter_speed&quot;:&quot;0&quot;,&quot;title&quot;:&quot;&quot;,&quot;orientation&quot;:&quot;0&quot;}\" data-image-title=\"photo_2023-05-10_22-14-03_zugeschnitten-2\" data-image-description=\"\" data-image-caption=\"\" data-large-file=\"https:\/\/i0.wp.com\/ruthdaugherty.com\/wp-content\/uploads\/2023\/05\/photo_2023-05-10_22-14-03_zugeschnitten-2.jpg?fit=660%2C660&amp;ssl=1\" src=\"https:\/\/i0.wp.com\/ruthdaugherty.com\/wp-content\/uploads\/2023\/05\/photo_2023-05-10_22-14-03_zugeschnitten-2.jpg?resize=660%2C660&#038;ssl=1\" alt=\"\" class=\"wp-image-3942 size-full\" srcset=\"https:\/\/i0.wp.com\/ruthdaugherty.com\/wp-content\/uploads\/2023\/05\/photo_2023-05-10_22-14-03_zugeschnitten-2.jpg?w=724&amp;ssl=1 724w, https:\/\/i0.wp.com\/ruthdaugherty.com\/wp-content\/uploads\/2023\/05\/photo_2023-05-10_22-14-03_zugeschnitten-2.jpg?resize=300%2C300&amp;ssl=1 300w, https:\/\/i0.wp.com\/ruthdaugherty.com\/wp-content\/uploads\/2023\/05\/photo_2023-05-10_22-14-03_zugeschnitten-2.jpg?resize=150%2C150&amp;ssl=1 150w, https:\/\/i0.wp.com\/ruthdaugherty.com\/wp-content\/uploads\/2023\/05\/photo_2023-05-10_22-14-03_zugeschnitten-2.jpg?resize=12%2C12&amp;ssl=1 12w, https:\/\/i0.wp.com\/ruthdaugherty.com\/wp-content\/uploads\/2023\/05\/photo_2023-05-10_22-14-03_zugeschnitten-2.jpg?resize=400%2C400&amp;ssl=1 400w, https:\/\/i0.wp.com\/ruthdaugherty.com\/wp-content\/uploads\/2023\/05\/photo_2023-05-10_22-14-03_zugeschnitten-2.jpg?resize=200%2C200&amp;ssl=1 200w, https:\/\/i0.wp.com\/ruthdaugherty.com\/wp-content\/uploads\/2023\/05\/photo_2023-05-10_22-14-03_zugeschnitten-2.jpg?resize=272%2C272&amp;ssl=1 272w\" sizes=\"auto, (max-width: 660px) 100vw, 660px\" \/><\/figure><div class=\"wp-block-media-text__content\">\n<p class=\"wp-block-paragraph\">Judith Ramayana Vetter ist eine sehr liebe Freundin von mir. Sie hat ein sehr gro\u00dfes Herz und m\u00f6chte anderen immer helfen. Ihr Seelenauftrag ist es, die Menschen in die F\u00fclle zu begleiten. Sie bietet sehr tolle Seminare an, die auch mir schon sehr geholfen haben. <br><br><a href=\"https:\/\/www.fuellecoach.com\/\" rel=\"nofollow\">https:\/\/www.fuellecoach.com\/<\/a><\/p>\n<\/div><\/div>\n\n\n\n<hr class=\"wp-block-separator has-alpha-channel-opacity\"\/>\n\n\n\n<div class=\"wp-block-media-text alignwide has-media-on-the-right is-stacked-on-mobile is-style-default\"><div class=\"wp-block-media-text__content\">\n<p class=\"wp-block-paragraph\">Andreas Ratoshan Hofmann ist ein sehr guter Freund von mir. Immer wieder bin ich \u00fcber sein inneres Strahlen und seine positive Einstellung zum Leben beeindruckt. Er tut so viel Gutes f\u00fcr andere Menschen. Er kennt sich sehr gut mit dem Thema Entgiftung aus. Er verbindet sein Wissen \u00fcber den menschenlichen K\u00f6rper mit dem Wissen der 1000 Meister. <br><br><a rel=\"noreferrer noopener\" href=\"http:\/\/www.thelifefoodcoach.com\/?fbclid=IwAR3aPFpaPaMkcQhxV1BKXvEybURLgUG7xPQ2VmvObE5zgEuWZP0vL4a_pdU\" target=\"_blank\">www.thelifefoodcoach.com<\/a><\/p>\n<\/div><figure class=\"wp-block-media-text__media\"><img data-recalc-dims=\"1\" loading=\"lazy\" decoding=\"async\" width=\"660\" height=\"880\" data-attachment-id=\"3258\" data-permalink=\"https:\/\/ruthdaugherty.com\/de_de\/andere-coachs\/320091043_8420168841389800_8601916361045917744_n\/\" data-orig-file=\"https:\/\/i0.wp.com\/ruthdaugherty.com\/wp-content\/uploads\/2022\/12\/320091043_8420168841389800_8601916361045917744_n.jpg?fit=1536%2C2048&amp;ssl=1\" data-orig-size=\"1536,2048\" data-comments-opened=\"1\" data-image-meta=\"{&quot;aperture&quot;:&quot;0&quot;,&quot;credit&quot;:&quot;&quot;,&quot;camera&quot;:&quot;&quot;,&quot;caption&quot;:&quot;&quot;,&quot;created_timestamp&quot;:&quot;0&quot;,&quot;copyright&quot;:&quot;&quot;,&quot;focal_length&quot;:&quot;0&quot;,&quot;iso&quot;:&quot;0&quot;,&quot;shutter_speed&quot;:&quot;0&quot;,&quot;title&quot;:&quot;&quot;,&quot;orientation&quot;:&quot;0&quot;}\" data-image-title=\"320091043_8420168841389800_8601916361045917744_n\" data-image-description=\"\" data-image-caption=\"\" data-large-file=\"https:\/\/i0.wp.com\/ruthdaugherty.com\/wp-content\/uploads\/2022\/12\/320091043_8420168841389800_8601916361045917744_n.jpg?fit=660%2C880&amp;ssl=1\" src=\"https:\/\/i0.wp.com\/ruthdaugherty.com\/wp-content\/uploads\/2022\/12\/320091043_8420168841389800_8601916361045917744_n.jpg?resize=660%2C880&#038;ssl=1\" alt=\"\" class=\"wp-image-3258 size-full\" srcset=\"https:\/\/i0.wp.com\/ruthdaugherty.com\/wp-content\/uploads\/2022\/12\/320091043_8420168841389800_8601916361045917744_n.jpg?resize=768%2C1024&amp;ssl=1 768w, https:\/\/i0.wp.com\/ruthdaugherty.com\/wp-content\/uploads\/2022\/12\/320091043_8420168841389800_8601916361045917744_n.jpg?resize=225%2C300&amp;ssl=1 225w, https:\/\/i0.wp.com\/ruthdaugherty.com\/wp-content\/uploads\/2022\/12\/320091043_8420168841389800_8601916361045917744_n.jpg?resize=1152%2C1536&amp;ssl=1 1152w, https:\/\/i0.wp.com\/ruthdaugherty.com\/wp-content\/uploads\/2022\/12\/320091043_8420168841389800_8601916361045917744_n.jpg?resize=9%2C12&amp;ssl=1 9w, https:\/\/i0.wp.com\/ruthdaugherty.com\/wp-content\/uploads\/2022\/12\/320091043_8420168841389800_8601916361045917744_n.jpg?resize=900%2C1200&amp;ssl=1 900w, https:\/\/i0.wp.com\/ruthdaugherty.com\/wp-content\/uploads\/2022\/12\/320091043_8420168841389800_8601916361045917744_n.jpg?resize=600%2C800&amp;ssl=1 600w, https:\/\/i0.wp.com\/ruthdaugherty.com\/wp-content\/uploads\/2022\/12\/320091043_8420168841389800_8601916361045917744_n.jpg?resize=300%2C400&amp;ssl=1 300w, https:\/\/i0.wp.com\/ruthdaugherty.com\/wp-content\/uploads\/2022\/12\/320091043_8420168841389800_8601916361045917744_n.jpg?resize=150%2C200&amp;ssl=1 150w, https:\/\/i0.wp.com\/ruthdaugherty.com\/wp-content\/uploads\/2022\/12\/320091043_8420168841389800_8601916361045917744_n.jpg?resize=1200%2C1600&amp;ssl=1 1200w, https:\/\/i0.wp.com\/ruthdaugherty.com\/wp-content\/uploads\/2022\/12\/320091043_8420168841389800_8601916361045917744_n.jpg?resize=204%2C272&amp;ssl=1 204w, https:\/\/i0.wp.com\/ruthdaugherty.com\/wp-content\/uploads\/2022\/12\/320091043_8420168841389800_8601916361045917744_n.jpg?w=1536&amp;ssl=1 1536w, https:\/\/i0.wp.com\/ruthdaugherty.com\/wp-content\/uploads\/2022\/12\/320091043_8420168841389800_8601916361045917744_n.jpg?w=1320&amp;ssl=1 1320w\" sizes=\"auto, (max-width: 660px) 100vw, 660px\" \/><\/figure><\/div>\n\n\n\n<hr class=\"wp-block-separator has-alpha-channel-opacity\"\/>\n","protected":false},"excerpt":{"rendered":"<p>Judith Ramayana Vetter ist eine sehr liebe Freundin von mir. Sie hat ein sehr gro\u00dfes Herz und m\u00f6chte anderen immer helfen. Ihr Seelenauftrag ist es, die Menschen in die F\u00fclle zu begleiten. Sie bietet sehr tolle Seminare an, die auch mir schon sehr geholfen haben. <a href=\"https:\/\/www.fuellecoach.com\/\" rel=\"nofollow\">https:\/\/www.fuellecoach.com\/<\/a> Andreas Ratoshan Hofmann ist ein sehr guter Freund von &hellip; <a href=\"https:\/\/ruthdaugherty.com\/de_de\/andere-coachs\/\" class=\"more-link\"><span class=\"screen-reader-text\">Andere Coachs<\/span> weiterlesen<\/a><\/p>\n","protected":false},"author":204484903,"featured_media":0,"parent":0,"menu_order":0,"comment_status":"closed","ping_status":"closed","template":"","meta":{"_coblocks_attr":"","_coblocks_dimensions":"","_coblocks_responsive_height":"","_coblocks_accordion_ie_support":"","_crdt_document":"","advanced_seo_description":"","jetpack_seo_html_title":"","jetpack_seo_noindex":false,"footnotes":""},"class_list":["post-3087","page","type-page","status-publish","hentry"],"jetpack_likes_enabled":false,"jetpack_sharing_enabled":true,"jetpack_shortlink":"https:\/\/wp.me\/PcXYcW-NN","amp_enabled":true,"_links":{"self":[{"href":"https:\/\/ruthdaugherty.com\/de_de\/wp-json\/wp\/v2\/pages\/3087","targetHints":{"allow":["GET"]}}],"collection":[{"href":"https:\/\/ruthdaugherty.com\/de_de\/wp-json\/wp\/v2\/pages"}],"about":[{"href":"https:\/\/ruthdaugherty.com\/de_de\/wp-json\/wp\/v2\/types\/page"}],"author":[{"embeddable":true,"href":"https:\/\/ruthdaugherty.com\/de_de\/wp-json\/wp\/v2\/users\/204484903"}],"replies":[{"embeddable":true,"href":"https:\/\/ruthdaugherty.com\/de_de\/wp-json\/wp\/v2\/comments?post=3087"}],"version-history":[{"count":28,"href":"https:\/\/ruthdaugherty.com\/de_de\/wp-json\/wp\/v2\/pages\/3087\/revisions"}],"predecessor-version":[{"id":3944,"href":"https:\/\/ruthdaugherty.com\/de_de\/wp-json\/wp\/v2\/pages\/3087\/revisions\/3944"}],"wp:attachment":[{"href":"https:\/\/ruthdaugherty.com\/de_de\/wp-json\/wp\/v2\/media?parent=3087"}],"curies":[{"name":"wp","href":"https:\/\/api.w.org\/{rel}","templated":true}]}}