{"id":1582,"date":"2021-12-27T16:06:05","date_gmt":"2021-12-27T15:06:05","guid":{"rendered":"https:\/\/ruthdaugherty.com\/?page_id=1582"},"modified":"2024-10-26T13:49:52","modified_gmt":"2024-10-26T11:49:52","slug":"ueber-mich-2","status":"publish","type":"page","link":"https:\/\/ruthdaugherty.com\/de_de\/ueber-mich-2\/","title":{"rendered":"\u00dcber mich"},"content":{"rendered":"<div class=\"wp-block-image\">\n<figure class=\"alignright size-full is-resized\"><img data-recalc-dims=\"1\" loading=\"lazy\" decoding=\"async\" width=\"660\" height=\"880\" data-attachment-id=\"160\" data-permalink=\"https:\/\/ruthdaugherty.com\/de_de\/about\/img_20210330_ruth\/\" data-orig-file=\"https:\/\/i0.wp.com\/ruthdaugherty.com\/wp-content\/uploads\/2021\/04\/img_20210330_ruth.jpg?fit=3456%2C4608&amp;ssl=1\" data-orig-size=\"3456,4608\" data-comments-opened=\"1\" data-image-meta=\"{&quot;aperture&quot;:&quot;2.25&quot;,&quot;credit&quot;:&quot;&quot;,&quot;camera&quot;:&quot;Redmi Note 9S&quot;,&quot;caption&quot;:&quot;&quot;,&quot;created_timestamp&quot;:&quot;1617115306&quot;,&quot;copyright&quot;:&quot;&quot;,&quot;focal_length&quot;:&quot;3.74&quot;,&quot;iso&quot;:&quot;100&quot;,&quot;shutter_speed&quot;:&quot;0.0011792452830189&quot;,&quot;title&quot;:&quot;&quot;,&quot;orientation&quot;:&quot;1&quot;}\" data-image-title=\"IMG_20210330_Ruth\" data-image-description=\"\" data-image-caption=\"\" data-large-file=\"https:\/\/i0.wp.com\/ruthdaugherty.com\/wp-content\/uploads\/2021\/04\/img_20210330_ruth.jpg?fit=660%2C880&amp;ssl=1\" src=\"https:\/\/i0.wp.com\/ruthdaugherty.com\/wp-content\/uploads\/2021\/04\/img_20210330_ruth.jpg?resize=660%2C880&#038;ssl=1\" alt=\"\" class=\"wp-image-160\" style=\"width:209px;height:279px\"\/><\/figure>\n<\/div>\n\n\n<p class=\"wp-block-paragraph\"><\/p>\n\n\n\n<p class=\"wp-block-paragraph\">Die ersten sieben Jahre meiner Kindheit habe ich mit meiner Familie in S\u00fcdafrika verbracht. Anschlie\u00dfend zogen wir zur\u00fcck nach Bayern\/Deutschland. Aktuell wohne ich mit meinem Sohn in Schweinfurt. Seit 2021 bin ich gl\u00fccklich geschieden. Ich habe auf vier Kontinenten gelebt und Hotelfachfrau sowie Fremdsprachenkorrespondentin mit den Sprachen Spanisch und Englisch gelernt. Aufgrund famili\u00e4rer Beziehungen und einem sechsj\u00e4hrigen Aufenthalt in den USA, schl\u00e4gt mein Herz f\u00fcr Amerika. Die zwei Jahre Studienzeit in S\u00fcdkorea bereicherten mein Leben kulturell und erweiterten meinen Horizont. Meine Hobbies sind Yoga, Schwimmen, Spazieren gehen und Mandalas ausmalen. Ich bin sehr dankbar, dass ich jetzt in der Lage bin, mit meinen Mitmenschen wirkliche Herzensbeziehungen zu leben. Dies war nicht immer der Fall. Hierf\u00fcr bedanke ich mich herzlichst bei den 1000 Meistern, ihren Geschenken und den Befreiungen, die ich durch sie erfahren durfte. <\/p>\n\n\n\n<p class=\"wp-block-paragraph\">Das Thema Heilen hat mich schon immer fasziniert. Vielleicht liegt es auch daran, dass ich chronische Halsschmerzen und extremste Schlafst\u00f6rungen hatte.  Jeder Mensch hat das Recht auf emotionale, physische, und psychische Gesundheit. Deswegen ist es mir ein Herzensanliegen, Menschen ihrem Heilweg zu unterst\u00fctzen. <\/p>\n\n\n\n<p class=\"wp-block-paragraph\">Auf meinem eigenen Weg probierte ich vieles: Yoga, Meditation, Entgiftungskuren, Ern\u00e4hrungsumstellung, Nahrungserg\u00e4nzungsmittel und Hom\u00f6opathie. Doch die Ursachen blieben. Erst als ich im Dezember 2018 die permanente&nbsp;<a href=\"https:\/\/ruthdaugherty.com\/blaupause-mit-oronos-nach-natara\/\">Blaupause<\/a> erhielt, konnte ich feststellen, wie endlich an der Wurzel der Probleme Heilung geschah. Die Blaupause ist ein geistiger Schutzmantel um die eigene Aura. Sie bringt die g\u00f6ttliche Ordnung ins eigene Leben. Seitdem habe ich weitere Befreiungen wie Suchtbefreiung, Zirbeldr\u00fcsenreinigung, Herzenslichtk\u00f6rperprozesse erhalten und Heilung auf multidimensionaler Ebene erfahren. Auf dieser Webseite beschreibe ich <a href=\"https:\/\/ruthdaugherty.com\/de_de\/2021\/04\/25\/181\/\">meine Heilreise<\/a> und biete dir M\u00f6glichkeiten, wie auch du dein Leben in die Heilung bringen kannst. Sehr gerne begleite ich dich.<\/p>\n\n\n\n<p class=\"wp-block-paragraph\">Ganz liebe Gr\u00fc\u00dfe <\/p>\n\n\n\n<p class=\"wp-block-paragraph\"><strong>Ruth Svakataly Daugherty<br><\/strong>Quantenfeld-Intuitions-Coach<br>Botschafterin von <a href=\"https:\/\/ruthdaugherty.com\/de_de\/2021\/05\/26\/lemuria-0\/\">Lemuria<\/a><br><\/p>\n","protected":false},"excerpt":{"rendered":"<p>Die ersten sieben Jahre meiner Kindheit habe ich mit meiner Familie in S\u00fcdafrika verbracht. Anschlie\u00dfend zogen wir zur\u00fcck nach Bayern\/Deutschland. Aktuell wohne ich mit meinem Sohn in Schweinfurt. Seit 2021 bin ich gl\u00fccklich geschieden. Ich habe auf vier Kontinenten gelebt und Hotelfachfrau sowie Fremdsprachenkorrespondentin mit den Sprachen Spanisch und Englisch gelernt. Aufgrund famili\u00e4rer Beziehungen und &hellip; <a href=\"https:\/\/ruthdaugherty.com\/de_de\/ueber-mich-2\/\" class=\"more-link\"><span class=\"screen-reader-text\">\u00dcber mich<\/span> weiterlesen<\/a><\/p>\n","protected":false},"author":204484903,"featured_media":0,"parent":0,"menu_order":0,"comment_status":"closed","ping_status":"closed","template":"","meta":{"_coblocks_attr":"","_coblocks_dimensions":"","_coblocks_responsive_height":"","_coblocks_accordion_ie_support":"","_crdt_document":"","advanced_seo_description":"","jetpack_seo_html_title":"","jetpack_seo_noindex":false,"footnotes":""},"class_list":["post-1582","page","type-page","status-publish","hentry"],"jetpack_likes_enabled":false,"jetpack_sharing_enabled":true,"jetpack_shortlink":"https:\/\/wp.me\/PcXYcW-pw","amp_enabled":true,"_links":{"self":[{"href":"https:\/\/ruthdaugherty.com\/de_de\/wp-json\/wp\/v2\/pages\/1582","targetHints":{"allow":["GET"]}}],"collection":[{"href":"https:\/\/ruthdaugherty.com\/de_de\/wp-json\/wp\/v2\/pages"}],"about":[{"href":"https:\/\/ruthdaugherty.com\/de_de\/wp-json\/wp\/v2\/types\/page"}],"author":[{"embeddable":true,"href":"https:\/\/ruthdaugherty.com\/de_de\/wp-json\/wp\/v2\/users\/204484903"}],"replies":[{"embeddable":true,"href":"https:\/\/ruthdaugherty.com\/de_de\/wp-json\/wp\/v2\/comments?post=1582"}],"version-history":[{"count":21,"href":"https:\/\/ruthdaugherty.com\/de_de\/wp-json\/wp\/v2\/pages\/1582\/revisions"}],"predecessor-version":[{"id":6340,"href":"https:\/\/ruthdaugherty.com\/de_de\/wp-json\/wp\/v2\/pages\/1582\/revisions\/6340"}],"wp:attachment":[{"href":"https:\/\/ruthdaugherty.com\/de_de\/wp-json\/wp\/v2\/media?parent=1582"}],"curies":[{"name":"wp","href":"https:\/\/api.w.org\/{rel}","templated":true}]}}