{"id":1079,"date":"2021-11-04T14:39:41","date_gmt":"2021-11-04T13:39:41","guid":{"rendered":"https:\/\/ruthdaugherty.com\/?page_id=1079"},"modified":"2025-01-10T10:46:58","modified_gmt":"2025-01-10T09:46:58","slug":"seelen-dna-codes","status":"publish","type":"page","link":"https:\/\/ruthdaugherty.com\/de_de\/seelen-dna-codes\/","title":{"rendered":"Seelen-DNA-Codes"},"content":{"rendered":"\n<p class=\"wp-block-paragraph\">Seelen-DNA-Codes wirken auf eine ganz besondere Art und Weise.<\/p>\n\n\n\n<p class=\"wp-block-paragraph\"><strong><span style=\"text-decoration:underline;\">Folgende Seelen-DNA-Codes kann ich f\u00fcr DICH aktivieren:<\/span><\/strong><\/p>\n\n\n\n<p class=\"wp-block-paragraph\"><strong>G\u00f6ttlicher Goldener Quantenfeld-DNA-Code <span style=\"font-size:1.0625rem;\"> <\/span><\/strong><br>Mit der Aktivierung des G\u00f6ttlichen Goldenen Quantenfeld-DNA-Codes ist sofort das Quantenfeld pr\u00e4sent. Dieser Quantenfeld-DNA-Code ist ein gro\u00dfer Schutz f\u00fcr unsere DNA und bringt Lebendigkeit und Gesundheit zur\u00fcck in unser Leben.<\/p>\n\n\n\n<p class=\"wp-block-paragraph\">Der Code ist auch f\u00fcr Autos aktivierbar: Dann f\u00e4hrt das Auto unterst\u00fctzt und mit dem Schutz mit der Quantenfeldenergie.<\/p>\n\n\n\n<p class=\"wp-block-paragraph\"><strong>Seelen-DNA-Code der Oronos-Familie<\/strong><br>Ein Code speziell f\u00fcr die Seelenfamilie Oronos, welcher einen sehr gro\u00dfen Schutz f\u00fcr die Oronos-Familie bringt. Er wurde im Jahre 2000 f\u00fcr die Oronos-Familie von den 1000 Meistern auf die Erde gebracht und bringt Lebendigkeit und unendliche Freude ins eigene Leben.<\/p>\n\n\n\n<p class=\"wp-block-paragraph\"><strong>Perfekter Seelen-DNA-Code f\u00fcr die Menschen<\/strong><br>Dieser Code bringt die menschliche Zelle zur\u00fcck in die Perfektion und hilft unserem K\u00f6rper raus aus der Schw\u00e4che, zur\u00fcck ins Leben und in die Gesundheit zu kommen. Gute Erfolge sind bei Diabetes oder Herzprobleme m\u00f6glich. Auch bei Augen- und Ohrenprobleme ist der Code hilfreich. Hierzu wird der aktivierte Code auf die Insulinpackung, die Herz-Medikamente, Brillen oder H\u00f6rger\u00e4te geschrieben. Der Seelen-DNA-Code unterst\u00fctzt, dass der K\u00f6rper sich wieder daran erinnert, wie es ist gesund zu sein.<\/p>\n\n\n\n<p class=\"wp-block-paragraph\"><strong>Perfekter Seelen-DNA-Code f\u00fcr die Tiere<\/strong><br>Dies ist der spezielle Seelen-Code f\u00fcr die Tiere zum Schutz und zur Unterst\u00fctzung der Genesung von Krankheit und der Wundheilung. Der aktivierte Code ist auch an den F\u00fctterungsstellen anbringbar, wodurch die Tiernahrung eine heilende Frequenz erh\u00e4lt und unsere Liebsten so unterst\u00fctzt.<\/p>\n\n\n\n<p class=\"wp-block-paragraph\"><strong>Perfekter Seelen-DNA-Code f\u00fcr die Pflanzen<\/strong><br>Man kann mit diesem Code Gentechnik wieder r\u00fcckg\u00e4ngig machen. Durch Gentechnisch ver\u00e4nderte Pflanzen k\u00f6nnen so wieder in ihre urspr\u00fcngliche Frequenz gebracht werden. Der Code unterst\u00fctzt das gesunde Wachstum der Pflanzen und den Ernteertrag. Es entstehen neue Triebe, viel mehr Knospen und Bl\u00fcten. Alles w\u00e4chst und sprie\u00dft in Freude. Einsetzbar ist der aktivierte Code f\u00fcr den privaten und gewerblichen Gartenbau und in der Land- und Forstwirtschaft.<\/p>\n\n\n\n<p class=\"wp-block-paragraph\"><strong>Der perfekte Seelen-DNA-Code f\u00fcr die Erde<\/strong><br>Der Seelen-DNA-Code f\u00fcr die Erde unterst\u00fctzt mit seiner wundersch\u00f6nen Energie die Heilung von Mutter Erde. Er kann Erdrutsche, Vulkanausbr\u00fcche und Erbeben verhindern und in die g\u00f6ttliche Ordnung bringen. Einsetzbar f\u00fcr alle Pl\u00e4tze, f\u00fcr die Erdheilung im Garten und im Wald.<\/p>\n\n\n\n<p class=\"wp-block-paragraph\"><strong>Perfekter Seelen-DNA-Code f\u00fcr das Wasser<\/strong><br>Mit diesem Code kommt das Wasser wieder in seine Kraft und mit dem Wasser auch der Mensch: Da der menschliche K\u00f6rper aus 80 bis 90 % Wasser besteht unterst\u00fctzt der Code den Mensch hervorragend bei Schwellungen, Stauungen und Wasseransammlungen im K\u00f6rper. Einsetzbar f\u00fcr alle Gew\u00e4sser und das Zellwasser in allen Menschen, Tieren, Pflanzen.<\/p>\n\n\n\n<p class=\"wp-block-paragraph\"><strong>Perfekter Seelen-DNA Code f\u00fcr das Feuer<\/strong><br>Der Heilcode f\u00fcr das Feuer und alle Feuerstellen. Er kann f\u00fcr Feuerstellen und brennende Feuer verwendet werden, wenn das Feuer zu schwach ist, erh\u00e4lt es erneut seine innewohnende St\u00e4rke und Kraft.<\/p>\n\n\n\n<p class=\"wp-block-paragraph\"><strong>Perfekter Seelen-DNA-Code f\u00fcr die Luft<\/strong><br>Der Seelen-DNA-Code f\u00fcr die Luft regt die Produktion von reinem klaren Sauerstoff energetisch an und ist wichtig f\u00fcr den Sauerstofftransport im Gehirn. Der Code l\u00e4sst sich auch f\u00fcr Gew\u00e4sser manifestieren, damit die Wasserpflanzen und -tiere reinen, guten Sauerstoff erhalten. Auch ist der Code in abgeschlossenen und klimatisierten R\u00e4umen zur Verbesserung des Raumklimas verwendbar. F\u00fcr Vielflieger ist der Code ein MUSS, um Giftstoffe und die erh\u00f6hte Belastung des Organismus durch den Flug energetisch auszugleichen.<\/p>\n\n\n\n<p class=\"wp-block-paragraph\">Es werden keine Heilbehandlungen im Sinne des Heilpraktikergesetzes durchgef\u00fchrt. Die angewandten Techniken stellen keinen Ersatz f\u00fcr eine psychologische oder medizinische Behandlung dar. Die Teilnahme erfolgt auf eigene Verantwortung.<\/p>\n\n\n\n<p class=\"wp-block-paragraph\">Preis pro Seelen-DNA-Code: 81,00 Euro<\/p>\n\n\n\n<div class=\"wp-block-buttons is-layout-flex wp-block-buttons-is-layout-flex\">\n<div class=\"wp-block-button\"><a class=\"wp-block-button__link has-background wp-element-button\" href=\"https:\/\/ruth.tucalendi.com\/ruthskalender\/seelen-dna-codes\" style=\"background:linear-gradient(135deg,rgb(252,185,0) 0%,rgb(255,105,0) 99%)\">Jetzt buchen<\/a><\/div>\n<\/div>\n\n\n\n<div style=\"height:30px\" aria-hidden=\"true\" class=\"wp-block-spacer\"><\/div>\n\n\n\n<p class=\"wp-block-paragraph\">Foto: canva.com @agsandrew @gettyimages<\/p>\n\n\n\n<p class=\"wp-block-paragraph\"><\/p>\n\n\n\n<p class=\"wp-block-paragraph\"><\/p>\n\n\n\n<p class=\"wp-block-paragraph\"><\/p>\n\n\n\n<p class=\"wp-block-paragraph\"><\/p>\n\n\n\n<p class=\"wp-block-paragraph\"><\/p>\n\n\n\n<p class=\"wp-block-paragraph\"><\/p>\n","protected":false},"excerpt":{"rendered":"<p>Seelen-DNA-Codes wirken auf eine ganz besondere Art und Weise. Folgende Seelen-DNA-Codes kann ich f\u00fcr DICH aktivieren: G\u00f6ttlicher Goldener Quantenfeld-DNA-Code Mit der Aktivierung des G\u00f6ttlichen Goldenen Quantenfeld-DNA-Codes ist sofort das Quantenfeld pr\u00e4sent. Dieser Quantenfeld-DNA-Code ist ein gro\u00dfer Schutz f\u00fcr unsere DNA und bringt Lebendigkeit und Gesundheit zur\u00fcck in unser Leben. Der Code ist auch f\u00fcr Autos &hellip; <a href=\"https:\/\/ruthdaugherty.com\/de_de\/seelen-dna-codes\/\" class=\"more-link\"><span class=\"screen-reader-text\">Seelen-DNA-Codes<\/span> weiterlesen<\/a><\/p>\n","protected":false},"author":204484903,"featured_media":3566,"parent":0,"menu_order":0,"comment_status":"closed","ping_status":"closed","template":"","meta":{"_coblocks_attr":"","_coblocks_dimensions":"","_coblocks_responsive_height":"","_coblocks_accordion_ie_support":"","_crdt_document":"","advanced_seo_description":"","jetpack_seo_html_title":"","jetpack_seo_noindex":false,"footnotes":""},"class_list":["post-1079","page","type-page","status-publish","has-post-thumbnail","hentry"],"jetpack_likes_enabled":false,"jetpack_sharing_enabled":true,"jetpack_shortlink":"https:\/\/wp.me\/PcXYcW-hp","amp_enabled":true,"_links":{"self":[{"href":"https:\/\/ruthdaugherty.com\/de_de\/wp-json\/wp\/v2\/pages\/1079","targetHints":{"allow":["GET"]}}],"collection":[{"href":"https:\/\/ruthdaugherty.com\/de_de\/wp-json\/wp\/v2\/pages"}],"about":[{"href":"https:\/\/ruthdaugherty.com\/de_de\/wp-json\/wp\/v2\/types\/page"}],"author":[{"embeddable":true,"href":"https:\/\/ruthdaugherty.com\/de_de\/wp-json\/wp\/v2\/users\/204484903"}],"replies":[{"embeddable":true,"href":"https:\/\/ruthdaugherty.com\/de_de\/wp-json\/wp\/v2\/comments?post=1079"}],"version-history":[{"count":52,"href":"https:\/\/ruthdaugherty.com\/de_de\/wp-json\/wp\/v2\/pages\/1079\/revisions"}],"predecessor-version":[{"id":7033,"href":"https:\/\/ruthdaugherty.com\/de_de\/wp-json\/wp\/v2\/pages\/1079\/revisions\/7033"}],"wp:featuredmedia":[{"embeddable":true,"href":"https:\/\/ruthdaugherty.com\/de_de\/wp-json\/wp\/v2\/media\/3566"}],"wp:attachment":[{"href":"https:\/\/ruthdaugherty.com\/de_de\/wp-json\/wp\/v2\/media?parent=1079"}],"curies":[{"name":"wp","href":"https:\/\/api.w.org\/{rel}","templated":true}]}}